{"id":33956,"date":"2021-03-29T17:48:46","date_gmt":"2021-03-29T15:48:46","guid":{"rendered":"https:\/\/rolfclaessen.com\/?page_id=33956"},"modified":"2024-12-09T01:30:37","modified_gmt":"2024-12-09T00:30:37","slug":"resources","status":"publish","type":"page","link":"https:\/\/rolfclaessen.com\/en\/resources\/","title":{"rendered":"Resources"},"content":{"rendered":"\n<p>I have compiled a wealth of interesting content and information regarding trade marks, designs and patents for you free of charge. Whether video, podcast or text articels: I prepare relevant topics for you on the following pages, sometimes together with colleagues:<\/p>\n\n\n\n<h2 class=\"wp-block-heading\"> <a href=\"https:\/\/www.youtube.com\/@patentanwalt\/\" target=\"_blank\" rel=\"noreferrer noopener\">YouTube-Channel @patentanwalt<\/a> <\/h2>\n\n\n\n<p>with many practical topics and explanations, e.g.: UPC Opt-Out Explained in Detail, New Standard for IP Management DIN 77006, Patents as a Financial Tool for Businesses.<\/p>\n\n\n\n<h2 class=\"wp-block-heading\"><a href=\"https:\/\/www.ipfridays.com\/\" target=\"_blank\" rel=\"noreferrer noopener\">Podcast IP Fridays <\/a><\/h2>\n\n\n\n<p>by Rolf Claessen &amp; Kenneth Suzan with more than 150 episodes with interviews with expert interviewees from the fields of brands, designs and patents (in English)<\/p>\n\n\n\n<h2 class=\"wp-block-heading\"><a href=\"\/en\/ip-newsflash\">IP Newsflash<\/a><\/h2>\n\n\n\n<p>with the latest news on trade marks, designs and patents, compiled on my website<\/p>\n\n\n\n<h2 class=\"wp-block-heading\"><a href=\"\/en\/publications\/\">Publications<\/a><\/h2>\n\n\n\n<p>with an overview of articles, lectures, television appearances and much more.<\/p>\n\n\n\n<p><\/p>\n","protected":false},"excerpt":{"rendered":"<p>I have compiled a wealth of interesting content and information regarding trade marks, designs and patents for you free of charge. Whether video, podcast or text articels: I prepare relevant topics for you on the following pages, sometimes together with colleagues: YouTube-Channel @patentanwalt with many practical topics and explanations, e.g.: UPC Opt-Out Explained in Detail, &hellip; <a href=\"https:\/\/rolfclaessen.com\/en\/resources\/\">Read more<\/a><\/p>\n","protected":false},"author":7,"featured_media":0,"parent":0,"menu_order":0,"comment_status":"closed","ping_status":"closed","template":"","meta":{"_acf_changed":false,"content-type":"","footnotes":""},"class_list":["post-33956","page","type-page","status-publish","hentry"],"acf":[],"yoast_head":"<!-- This site is optimized with the Yoast SEO plugin v27.3 - https:\/\/yoast.com\/product\/yoast-seo-wordpress\/ -->\n<title>Resources - Dr. Rolf Claessen<\/title>\n<meta name=\"description\" content=\"Text articles, Newsflash, Videos &amp; Podcast regarding trade marks, designs and patents for you free of charge. Read more!\" \/>\n<meta name=\"robots\" content=\"index, follow, max-snippet:-1, max-image-preview:large, max-video-preview:-1\" \/>\n<link rel=\"canonical\" href=\"https:\/\/rolfclaessen.com\/en\/resources\/\" \/>\n<meta property=\"og:locale\" content=\"en_US\" \/>\n<meta property=\"og:type\" content=\"article\" \/>\n<meta property=\"og:title\" content=\"Resources - Dr. Rolf Claessen\" \/>\n<meta property=\"og:description\" content=\"Text articles, Newsflash, Videos &amp; Podcast regarding trade marks, designs and patents for you free of charge. Read more!\" \/>\n<meta property=\"og:url\" content=\"https:\/\/rolfclaessen.com\/en\/resources\/\" \/>\n<meta property=\"og:site_name\" content=\"Dr. Rolf Claessen\" \/>\n<meta property=\"article:publisher\" content=\"https:\/\/www.facebook.com\/rolfclaessen\" \/>\n<meta property=\"article:modified_time\" content=\"2024-12-09T00:30:37+00:00\" \/>\n<meta name=\"twitter:card\" content=\"summary_large_image\" \/>\n<meta name=\"twitter:site\" content=\"@rclaessen\" \/>\n<meta name=\"twitter:label1\" content=\"Est. reading time\" \/>\n\t<meta name=\"twitter:data1\" content=\"1 minute\" \/>\n<script type=\"application\/ld+json\" class=\"yoast-schema-graph\">{\"@context\":\"https:\\\/\\\/schema.org\",\"@graph\":[{\"@type\":\"WebPage\",\"@id\":\"https:\\\/\\\/rolfclaessen.com\\\/en\\\/resources\\\/\",\"url\":\"https:\\\/\\\/rolfclaessen.com\\\/en\\\/resources\\\/\",\"name\":\"Resources - Dr. Rolf Claessen\",\"isPartOf\":{\"@id\":\"https:\\\/\\\/rolfclaessen.com\\\/en\\\/#website\"},\"datePublished\":\"2021-03-29T15:48:46+00:00\",\"dateModified\":\"2024-12-09T00:30:37+00:00\",\"description\":\"Text articles, Newsflash, Videos & Podcast regarding trade marks, designs and patents for you free of charge. Read more!\",\"breadcrumb\":{\"@id\":\"https:\\\/\\\/rolfclaessen.com\\\/en\\\/resources\\\/#breadcrumb\"},\"inLanguage\":\"en-US\",\"potentialAction\":[{\"@type\":\"ReadAction\",\"target\":[\"https:\\\/\\\/rolfclaessen.com\\\/en\\\/resources\\\/\"]}]},{\"@type\":\"BreadcrumbList\",\"@id\":\"https:\\\/\\\/rolfclaessen.com\\\/en\\\/resources\\\/#breadcrumb\",\"itemListElement\":[{\"@type\":\"ListItem\",\"position\":1,\"name\":\"Startseite\",\"item\":\"https:\\\/\\\/rolfclaessen.com\\\/en\\\/\"},{\"@type\":\"ListItem\",\"position\":2,\"name\":\"Resources\"}]},{\"@type\":\"WebSite\",\"@id\":\"https:\\\/\\\/rolfclaessen.com\\\/en\\\/#website\",\"url\":\"https:\\\/\\\/rolfclaessen.com\\\/en\\\/\",\"name\":\"Dr. Rolf Claessen - Patentanwalt in D\u00fcsseldorf - Patente, Marken, Designs\",\"description\":\"Patentanwalt - Patente, Marken, Designs\",\"publisher\":{\"@id\":\"https:\\\/\\\/rolfclaessen.com\\\/en\\\/#\\\/schema\\\/person\\\/f46be72920cf6a069b7e954fced7ca73\"},\"potentialAction\":[{\"@type\":\"SearchAction\",\"target\":{\"@type\":\"EntryPoint\",\"urlTemplate\":\"https:\\\/\\\/rolfclaessen.com\\\/en\\\/?s={search_term_string}\"},\"query-input\":{\"@type\":\"PropertyValueSpecification\",\"valueRequired\":true,\"valueName\":\"search_term_string\"}}],\"inLanguage\":\"en-US\"},{\"@type\":[\"Person\",\"Organization\"],\"@id\":\"https:\\\/\\\/rolfclaessen.com\\\/en\\\/#\\\/schema\\\/person\\\/f46be72920cf6a069b7e954fced7ca73\",\"name\":\"rolf.claessen\",\"image\":{\"@type\":\"ImageObject\",\"inLanguage\":\"en-US\",\"@id\":\"https:\\\/\\\/rolfclaessen.com\\\/wp-content\\\/uploads\\\/2024\\\/07\\\/Vorschaubild-Linkedin-Open-Graph.webp\",\"url\":\"https:\\\/\\\/rolfclaessen.com\\\/wp-content\\\/uploads\\\/2024\\\/07\\\/Vorschaubild-Linkedin-Open-Graph.webp\",\"contentUrl\":\"https:\\\/\\\/rolfclaessen.com\\\/wp-content\\\/uploads\\\/2024\\\/07\\\/Vorschaubild-Linkedin-Open-Graph.webp\",\"width\":1200,\"height\":630,\"caption\":\"rolf.claessen\"},\"logo\":{\"@id\":\"https:\\\/\\\/rolfclaessen.com\\\/wp-content\\\/uploads\\\/2024\\\/07\\\/Vorschaubild-Linkedin-Open-Graph.webp\"},\"description\":\"Dr. Rolf Claessen ist Patentanwalt in D\u00fcsseldorf und ber\u00e4t Unternehmen zu allen Fragestellungen rund um Patente, Marken und Designs. Er ist Autor, Speaker und ist der \u00d6ffentlichkeit durch seine Mitwirkung an der Sat.1 Show \u201eWie genial ist das denn ?!\u201c, den Youtubekanal und seine Podcasts bekannt.\",\"sameAs\":[\"https:\\\/\\\/rolfclaessen.com\",\"https:\\\/\\\/www.facebook.com\\\/rolfclaessen\",\"https:\\\/\\\/www.instagram.com\\\/rolfclaessen\\\/\",\"https:\\\/\\\/www.linkedin.com\\\/in\\\/claessen\\\/\",\"https:\\\/\\\/x.com\\\/rclaessen\",\"https:\\\/\\\/www.youtube.com\\\/rolfclaessen\",\"https:\\\/\\\/de.wikipedia.org\\\/wiki\\\/Rolf_Claessen\"]}]}<\/script>\n<!-- \/ Yoast SEO plugin. -->","yoast_head_json":{"title":"Resources - Dr. Rolf Claessen","description":"Text articles, Newsflash, Videos & Podcast regarding trade marks, designs and patents for you free of charge. Read more!","robots":{"index":"index","follow":"follow","max-snippet":"max-snippet:-1","max-image-preview":"max-image-preview:large","max-video-preview":"max-video-preview:-1"},"canonical":"https:\/\/rolfclaessen.com\/en\/resources\/","og_locale":"en_US","og_type":"article","og_title":"Resources - Dr. Rolf Claessen","og_description":"Text articles, Newsflash, Videos & Podcast regarding trade marks, designs and patents for you free of charge. Read more!","og_url":"https:\/\/rolfclaessen.com\/en\/resources\/","og_site_name":"Dr. Rolf Claessen","article_publisher":"https:\/\/www.facebook.com\/rolfclaessen","article_modified_time":"2024-12-09T00:30:37+00:00","twitter_card":"summary_large_image","twitter_site":"@rclaessen","twitter_misc":{"Est. reading time":"1 minute"},"schema":{"@context":"https:\/\/schema.org","@graph":[{"@type":"WebPage","@id":"https:\/\/rolfclaessen.com\/en\/resources\/","url":"https:\/\/rolfclaessen.com\/en\/resources\/","name":"Resources - Dr. Rolf Claessen","isPartOf":{"@id":"https:\/\/rolfclaessen.com\/en\/#website"},"datePublished":"2021-03-29T15:48:46+00:00","dateModified":"2024-12-09T00:30:37+00:00","description":"Text articles, Newsflash, Videos & Podcast regarding trade marks, designs and patents for you free of charge. Read more!","breadcrumb":{"@id":"https:\/\/rolfclaessen.com\/en\/resources\/#breadcrumb"},"inLanguage":"en-US","potentialAction":[{"@type":"ReadAction","target":["https:\/\/rolfclaessen.com\/en\/resources\/"]}]},{"@type":"BreadcrumbList","@id":"https:\/\/rolfclaessen.com\/en\/resources\/#breadcrumb","itemListElement":[{"@type":"ListItem","position":1,"name":"Startseite","item":"https:\/\/rolfclaessen.com\/en\/"},{"@type":"ListItem","position":2,"name":"Resources"}]},{"@type":"WebSite","@id":"https:\/\/rolfclaessen.com\/en\/#website","url":"https:\/\/rolfclaessen.com\/en\/","name":"Dr. Rolf Claessen - Patentanwalt in D\u00fcsseldorf - Patente, Marken, Designs","description":"Patentanwalt - Patente, Marken, Designs","publisher":{"@id":"https:\/\/rolfclaessen.com\/en\/#\/schema\/person\/f46be72920cf6a069b7e954fced7ca73"},"potentialAction":[{"@type":"SearchAction","target":{"@type":"EntryPoint","urlTemplate":"https:\/\/rolfclaessen.com\/en\/?s={search_term_string}"},"query-input":{"@type":"PropertyValueSpecification","valueRequired":true,"valueName":"search_term_string"}}],"inLanguage":"en-US"},{"@type":["Person","Organization"],"@id":"https:\/\/rolfclaessen.com\/en\/#\/schema\/person\/f46be72920cf6a069b7e954fced7ca73","name":"rolf.claessen","image":{"@type":"ImageObject","inLanguage":"en-US","@id":"https:\/\/rolfclaessen.com\/wp-content\/uploads\/2024\/07\/Vorschaubild-Linkedin-Open-Graph.webp","url":"https:\/\/rolfclaessen.com\/wp-content\/uploads\/2024\/07\/Vorschaubild-Linkedin-Open-Graph.webp","contentUrl":"https:\/\/rolfclaessen.com\/wp-content\/uploads\/2024\/07\/Vorschaubild-Linkedin-Open-Graph.webp","width":1200,"height":630,"caption":"rolf.claessen"},"logo":{"@id":"https:\/\/rolfclaessen.com\/wp-content\/uploads\/2024\/07\/Vorschaubild-Linkedin-Open-Graph.webp"},"description":"Dr. Rolf Claessen ist Patentanwalt in D\u00fcsseldorf und ber\u00e4t Unternehmen zu allen Fragestellungen rund um Patente, Marken und Designs. Er ist Autor, Speaker und ist der \u00d6ffentlichkeit durch seine Mitwirkung an der Sat.1 Show \u201eWie genial ist das denn ?!\u201c, den Youtubekanal und seine Podcasts bekannt.","sameAs":["https:\/\/rolfclaessen.com","https:\/\/www.facebook.com\/rolfclaessen","https:\/\/www.instagram.com\/rolfclaessen\/","https:\/\/www.linkedin.com\/in\/claessen\/","https:\/\/x.com\/rclaessen","https:\/\/www.youtube.com\/rolfclaessen","https:\/\/de.wikipedia.org\/wiki\/Rolf_Claessen"]}]}},"_links":{"self":[{"href":"https:\/\/rolfclaessen.com\/en\/wp-json\/wp\/v2\/pages\/33956","targetHints":{"allow":["GET"]}}],"collection":[{"href":"https:\/\/rolfclaessen.com\/en\/wp-json\/wp\/v2\/pages"}],"about":[{"href":"https:\/\/rolfclaessen.com\/en\/wp-json\/wp\/v2\/types\/page"}],"author":[{"embeddable":true,"href":"https:\/\/rolfclaessen.com\/en\/wp-json\/wp\/v2\/users\/7"}],"replies":[{"embeddable":true,"href":"https:\/\/rolfclaessen.com\/en\/wp-json\/wp\/v2\/comments?post=33956"}],"version-history":[{"count":9,"href":"https:\/\/rolfclaessen.com\/en\/wp-json\/wp\/v2\/pages\/33956\/revisions"}],"predecessor-version":[{"id":53539,"href":"https:\/\/rolfclaessen.com\/en\/wp-json\/wp\/v2\/pages\/33956\/revisions\/53539"}],"wp:attachment":[{"href":"https:\/\/rolfclaessen.com\/en\/wp-json\/wp\/v2\/media?parent=33956"}],"curies":[{"name":"wp","href":"https:\/\/api.w.org\/{rel}","templated":true}]}}