{"id":34003,"date":"2024-01-16T12:21:33","date_gmt":"2024-01-16T11:21:33","guid":{"rendered":"https:\/\/rolfclaessen.com\/?page_id=34003"},"modified":"2024-07-12T20:36:29","modified_gmt":"2024-07-12T18:36:29","slug":"about-me","status":"publish","type":"page","link":"https:\/\/rolfclaessen.com\/en\/about-me\/","title":{"rendered":"About Me"},"content":{"rendered":"\n<h2 class=\"wp-block-heading\">What Motivates Me<\/h2>\n\n\n\n<p>As a patent attorney, I am confronted with very complex issues relating to patents, trade marks and designs each day. I love the intellectual challenge of understanding new technologies and finding the best solution in difficult situations. Breaking down these complex issues in a simple and understandable way so that even laypersons in this field can make the right decisions, is my aim. What is the most economically viable alternative for a company? How can we achieve a goal most effectively? With my large network, I can also help my clients beyond the specific issues of patent, trade mark and design law.<\/p>\n\n\n\n<p>And: I love to pass on my knowledge in a way that is as easy to understand as possible. Some colleagues criticise me for putting the industry out of work. I can only consider that the opposite is true, at least for me and the law office. Have a look on <a href=\"https:\/\/www.youtube.com\/user\/rolfclaessen\" target=\"_blank\" rel=\"noreferrer noopener\">my Youtube channel<\/a>, where I have already published over 200 videos on patents, trade marks and designs.<\/p>\n\n\n\n<h2 class=\"wp-block-heading\">How It Started<\/h2>\n\n\n\n<p>How did I actually become a patent attorney? My first employer was a nanotechnology start-up that had spun off from the Bayer Group. After completing my doctorate in chemistry in this field at the State University of New York, it was certainly an exciting job. During my doctorate at John T. Welch, he had already assigned me to discuss the inventions with the patent attorney there. That was my first contact with the field. During my time at this nanotechnology start-up, I worked closely with a patent attorney on my own developments and was also always up to date on what the competition was working on based on the patents of competitors.<\/p>\n\n\n\n<p>Unfortunately, as is the case with some start-ups, this start-up went bankrupt. I was even unemployed for a short time. During this time, I spoke to various patent attorneys about how to become a patent attorney and what the day-to-day work of a patent attorney looks like.<\/p>\n\n\n\n<p>I then took the bold step of training to become a patent attorney. On the one hand, after studying chemistry and gaining my doctorate, I had to do an apprenticeship as a patent attorney. On the other hand, I also had to study law for patent attorneys. And there is hardly any way back: Research companies practically don&#8217;t hire chemists who have left the lab. And in view of the fact that almost 3\/4 of all candidates always fail the examination for admission to the European Patent Office, this is not an easy decision.<\/p>\n\n\n\n<p>However, I have never regretted this decision for a day and I am a patent attorney with great enthusiasm.<\/p>\n\n\n\n<h2 class=\"wp-block-heading\" id=\"testimonials\">What my clients are saying<\/h2>\n\n\n\n<section id=\"carouselBlockquote\" class=\"carousel carousel-dark slide\">\n  <div class=\"carousel-indicators\">\n    <button type=\"button\" data-bs-target=\"#carouselBlockquote\" data-bs-slide-to=\"0\" class=\"active\" aria-current=\"true\" aria-label=\"Slide 1\"><\/button>\n    <button type=\"button\" data-bs-target=\"#carouselBlockquote\" data-bs-slide-to=\"1\" aria-label=\"Slide 2\"><\/button>\n    <button type=\"button\" data-bs-target=\"#carouselBlockquote\" data-bs-slide-to=\"2\" aria-label=\"Slide 3\"><\/button>\n  <\/div>\n  <div class=\"carousel-inner\">\n    <div class=\"carousel-item active\">\n        <blockquote class=\"blockquote col-8 mx-auto my-5\">\n          <p>Mr. Claessen is a premier patent attorney. The collaboration is <em>time-saving, reliable and effective<\/em>. I would recommend him any time.<\/p>\n          <cite>Carsten Otte <br> Juli 2013 <\/cite>\n    <\/blockquote><\/div>\n    <div class=\"carousel-item\">\n        <blockquote class=\"blockquote col-8 mx-auto my-5\">\n          <p>As a CEO of Move Productions I used the services of Mr. Claessen several times. It&#8217;s an absolute pleasure to work with Rolf whom I consider an <em>absolute expert in the field of European trademarks<\/em>. He takes you on a journey from start to finish and explains every step in great detail, which makes the whole experience feel very organized, efficient &#038; trustworthy. I highly recommend Rolf Claessen\u2019s services<\/p>\n           <cite> Marc Dressen <br> Juli 2013<\/cite>\n    <\/blockquote><\/div>\n    <div class=\"carousel-item\">\n        <blockquote class=\"blockquote col-8 mx-auto my-5\">\n          <p>Rolf is a <em>very knowledgeable and highly reliable<\/em> colleague. His website www.ipnewsflash.com demonstrates his ambitions and skills in managing intellectual property information. In particular if you need a professional in patent law with profound knowledge of chemical engineering you should consult him.<\/p>\n          <cite>Thomas Wilke, Oktober 2010<\/cite>\n          <p>\n    <\/blockquote><\/div>\n  <\/div>\n  <button class=\"carousel-control-prev\" type=\"button\" data-bs-target=\"#carouselBlockquote\" data-bs-slide=\"prev\">\n    <span class=\"carousel-control-prev-icon\" aria-hidden=\"true\"><\/span>\n    <span class=\"visually-hidden\">Previous<\/span>\n  <\/button>\n  <button class=\"carousel-control-next\" type=\"button\" data-bs-target=\"#carouselBlockquote\" data-bs-slide=\"next\">\n    <span class=\"carousel-control-next-icon\" aria-hidden=\"true\"><\/span>\n    <span class=\"visually-hidden\">Next<\/span>\n  <\/button>\n<\/section>\n\n\n\n<h3 class=\"wp-block-heading\">Further Voices<\/h3>\n\n\n\n<p>&#8220;I am the editor of \u201cDer IP-Rechts-Berater\u201d, a monthly journal that deals with legal issues of copyright law and intellectual property. Rolf Claessen is our frequent author concerning patent and trademark topics. He is always very reliable, dealing with tight deadlines quickly and efficiently. His work is top quality and makes him a pleasure to work with.&#8221;<br><cite>Elisabeth Ivanyi, August 2014<\/cite><\/p>\n\n\n\n<p>&#8220;Rolf has looked after our interests in Patents and trademarks in the&nbsp;EU, and is very easy to work with and speaks English perfectly,&nbsp;which makes it easier for us doing work in the EU market. I can&nbsp;recommend him without hesitation.&#8221;<br><cite>Geoff Stuart, July 2013<\/cite><\/p>\n\n\n\n<p>&#8220;Rolf has handled my trademark issues for my German trademark HPR\u00fchl\u00ae as well as my international trademark to my complete satisfaction. He is very competent and engaged and a fair partner to deal with. He just started his own and very recommendable podcast &#8220;Der Markenpod&#8221; which immediately made it into the Apple podcast charts. I can strongly recommend Rolf to be your partner in any trademark or patent issue.&#8221;<br><cite>Hans Peter R\u00fchl, July 2013<\/cite><\/p>\n\n\n\n<p>&#8220;Rolf is a talented and experienced European Attorney. One can be&nbsp;sure that your cases are in safe hands when you work with Rolf. A&nbsp;great advantage is that you can be sure that the person to whom&nbsp;you entrust your cases is dependable and trustworthy. Working&nbsp;with Rolf has been a great pleasure for me.&#8221;<br><cite>Rahul Vartak, July 2013<\/cite><\/p>\n\n\n\n<p>&#8220;Rolf has very good skills in patent and trademark law. I worked&nbsp;with him in many patent and trademark infringement cases&nbsp;successfully.&#8221;<br><cite>Nils Weber, July 2013<\/cite><\/p>\n\n\n\n<p>&#8220;Rolf is one of the colleagues, I am always delighted to work with. He has a strong technical background and his legal knowledge is indeed extremely comprehensive. I particularly like his detailed as well as diligent analysis and advice. Since I know Rolf for quite some time, I can clearly recommend him as excellent patent attorney and friend.&#8221;<br><cite>Thomas Dienwiebel, October 2010<\/cite><\/p>\n\n\n\n<p>&#8220;I had the pleasure of working with Rolf at School of Nano Sciences and Technology. Rolf had the unique mix of being innovative and team player at the same time, which made it really fun to be engaged in projects where Rolf was a key player. He performs really well under pressure and with tight deadlines. I would definitely recommend him as dedicated individual and team player to any business unit. Definitely an A plus person to work with.&#8221;<br><cite>Jawid Mirzah, June 2008<\/cite><\/p>\n","protected":false},"excerpt":{"rendered":"<p>What Motivates Me As a patent attorney, I am confronted with very complex issues relating to patents, trade marks and designs each day. I love the intellectual challenge of understanding new technologies and finding the best solution in difficult situations. Breaking down these complex issues in a simple and understandable way so that even laypersons &hellip; <a href=\"https:\/\/rolfclaessen.com\/en\/about-me\/\">Read more<\/a><\/p>\n","protected":false},"author":1,"featured_media":0,"parent":0,"menu_order":0,"comment_status":"closed","ping_status":"closed","template":"","meta":{"_acf_changed":false,"content-type":"","footnotes":""},"class_list":["post-34003","page","type-page","status-publish","hentry"],"acf":[],"yoast_head":"<!-- This site is optimized with the Yoast SEO plugin v27.6 - https:\/\/yoast.com\/product\/yoast-seo-wordpress\/ -->\n<title>About Me - Dr. Rolf Claessen<\/title>\n<meta name=\"description\" content=\"As an enthusiastic patent attorney, Rolf Claessen is always looking for the best solutions for his clients. Find out more about him here!\" \/>\n<meta name=\"robots\" content=\"index, follow, max-snippet:-1, max-image-preview:large, max-video-preview:-1\" \/>\n<link rel=\"canonical\" href=\"https:\/\/rolfclaessen.com\/en\/about-me\/\" \/>\n<meta property=\"og:locale\" content=\"en_US\" \/>\n<meta property=\"og:type\" content=\"article\" \/>\n<meta property=\"og:title\" content=\"About Me - Dr. Rolf Claessen\" \/>\n<meta property=\"og:description\" content=\"As an enthusiastic patent attorney, Rolf Claessen is always looking for the best solutions for his clients. Find out more about him here!\" \/>\n<meta property=\"og:url\" content=\"https:\/\/rolfclaessen.com\/en\/about-me\/\" \/>\n<meta property=\"og:site_name\" content=\"Dr. Rolf Claessen\" \/>\n<meta property=\"article:publisher\" content=\"https:\/\/www.facebook.com\/rolfclaessen\" \/>\n<meta property=\"article:modified_time\" content=\"2024-07-12T18:36:29+00:00\" \/>\n<meta name=\"twitter:card\" content=\"summary_large_image\" \/>\n<meta name=\"twitter:site\" content=\"@rclaessen\" \/>\n<meta name=\"twitter:label1\" content=\"Est. reading time\" \/>\n\t<meta name=\"twitter:data1\" content=\"5 minutes\" \/>\n<script type=\"application\/ld+json\" class=\"yoast-schema-graph\">{\"@context\":\"https:\\\/\\\/schema.org\",\"@graph\":[{\"@type\":\"WebPage\",\"@id\":\"https:\\\/\\\/rolfclaessen.com\\\/en\\\/about-me\\\/\",\"url\":\"https:\\\/\\\/rolfclaessen.com\\\/en\\\/about-me\\\/\",\"name\":\"About Me - Dr. Rolf Claessen\",\"isPartOf\":{\"@id\":\"https:\\\/\\\/rolfclaessen.com\\\/en\\\/#website\"},\"datePublished\":\"2024-01-16T11:21:33+00:00\",\"dateModified\":\"2024-07-12T18:36:29+00:00\",\"description\":\"As an enthusiastic patent attorney, Rolf Claessen is always looking for the best solutions for his clients. Find out more about him here!\",\"breadcrumb\":{\"@id\":\"https:\\\/\\\/rolfclaessen.com\\\/en\\\/about-me\\\/#breadcrumb\"},\"inLanguage\":\"en-US\",\"potentialAction\":[{\"@type\":\"ReadAction\",\"target\":[\"https:\\\/\\\/rolfclaessen.com\\\/en\\\/about-me\\\/\"]}]},{\"@type\":\"BreadcrumbList\",\"@id\":\"https:\\\/\\\/rolfclaessen.com\\\/en\\\/about-me\\\/#breadcrumb\",\"itemListElement\":[{\"@type\":\"ListItem\",\"position\":1,\"name\":\"Startseite\",\"item\":\"https:\\\/\\\/rolfclaessen.com\\\/en\\\/\"},{\"@type\":\"ListItem\",\"position\":2,\"name\":\"About Me\"}]},{\"@type\":\"WebSite\",\"@id\":\"https:\\\/\\\/rolfclaessen.com\\\/en\\\/#website\",\"url\":\"https:\\\/\\\/rolfclaessen.com\\\/en\\\/\",\"name\":\"Dr. Rolf Claessen - Patentanwalt in D\u00fcsseldorf - Patente, Marken, Designs\",\"description\":\"Patentanwalt - Patente, Marken, Designs\",\"publisher\":{\"@id\":\"https:\\\/\\\/rolfclaessen.com\\\/en\\\/#\\\/schema\\\/person\\\/f46be72920cf6a069b7e954fced7ca73\"},\"potentialAction\":[{\"@type\":\"SearchAction\",\"target\":{\"@type\":\"EntryPoint\",\"urlTemplate\":\"https:\\\/\\\/rolfclaessen.com\\\/en\\\/?s={search_term_string}\"},\"query-input\":{\"@type\":\"PropertyValueSpecification\",\"valueRequired\":true,\"valueName\":\"search_term_string\"}}],\"inLanguage\":\"en-US\"},{\"@type\":[\"Person\",\"Organization\"],\"@id\":\"https:\\\/\\\/rolfclaessen.com\\\/en\\\/#\\\/schema\\\/person\\\/f46be72920cf6a069b7e954fced7ca73\",\"name\":\"rolf.claessen\",\"image\":{\"@type\":\"ImageObject\",\"inLanguage\":\"en-US\",\"@id\":\"https:\\\/\\\/rolfclaessen.com\\\/wp-content\\\/uploads\\\/2024\\\/07\\\/Vorschaubild-Linkedin-Open-Graph.webp\",\"url\":\"https:\\\/\\\/rolfclaessen.com\\\/wp-content\\\/uploads\\\/2024\\\/07\\\/Vorschaubild-Linkedin-Open-Graph.webp\",\"contentUrl\":\"https:\\\/\\\/rolfclaessen.com\\\/wp-content\\\/uploads\\\/2024\\\/07\\\/Vorschaubild-Linkedin-Open-Graph.webp\",\"width\":1200,\"height\":630,\"caption\":\"rolf.claessen\"},\"logo\":{\"@id\":\"https:\\\/\\\/rolfclaessen.com\\\/wp-content\\\/uploads\\\/2024\\\/07\\\/Vorschaubild-Linkedin-Open-Graph.webp\"},\"description\":\"Dr. Rolf Claessen ist Patentanwalt in D\u00fcsseldorf und ber\u00e4t Unternehmen zu allen Fragestellungen rund um Patente, Marken und Designs. Er ist Autor, Speaker und ist der \u00d6ffentlichkeit durch seine Mitwirkung an der Sat.1 Show \u201eWie genial ist das denn ?!\u201c, den Youtubekanal und seine Podcasts bekannt.\",\"sameAs\":[\"https:\\\/\\\/rolfclaessen.com\",\"https:\\\/\\\/www.facebook.com\\\/rolfclaessen\",\"https:\\\/\\\/www.instagram.com\\\/rolfclaessen\\\/\",\"https:\\\/\\\/www.linkedin.com\\\/in\\\/claessen\\\/\",\"https:\\\/\\\/x.com\\\/rclaessen\",\"https:\\\/\\\/www.youtube.com\\\/rolfclaessen\",\"https:\\\/\\\/de.wikipedia.org\\\/wiki\\\/Rolf_Claessen\"]}]}<\/script>\n<!-- \/ Yoast SEO plugin. -->","yoast_head_json":{"title":"About Me - Dr. Rolf Claessen","description":"As an enthusiastic patent attorney, Rolf Claessen is always looking for the best solutions for his clients. Find out more about him here!","robots":{"index":"index","follow":"follow","max-snippet":"max-snippet:-1","max-image-preview":"max-image-preview:large","max-video-preview":"max-video-preview:-1"},"canonical":"https:\/\/rolfclaessen.com\/en\/about-me\/","og_locale":"en_US","og_type":"article","og_title":"About Me - Dr. Rolf Claessen","og_description":"As an enthusiastic patent attorney, Rolf Claessen is always looking for the best solutions for his clients. Find out more about him here!","og_url":"https:\/\/rolfclaessen.com\/en\/about-me\/","og_site_name":"Dr. Rolf Claessen","article_publisher":"https:\/\/www.facebook.com\/rolfclaessen","article_modified_time":"2024-07-12T18:36:29+00:00","twitter_card":"summary_large_image","twitter_site":"@rclaessen","twitter_misc":{"Est. reading time":"5 minutes"},"schema":{"@context":"https:\/\/schema.org","@graph":[{"@type":"WebPage","@id":"https:\/\/rolfclaessen.com\/en\/about-me\/","url":"https:\/\/rolfclaessen.com\/en\/about-me\/","name":"About Me - Dr. Rolf Claessen","isPartOf":{"@id":"https:\/\/rolfclaessen.com\/en\/#website"},"datePublished":"2024-01-16T11:21:33+00:00","dateModified":"2024-07-12T18:36:29+00:00","description":"As an enthusiastic patent attorney, Rolf Claessen is always looking for the best solutions for his clients. Find out more about him here!","breadcrumb":{"@id":"https:\/\/rolfclaessen.com\/en\/about-me\/#breadcrumb"},"inLanguage":"en-US","potentialAction":[{"@type":"ReadAction","target":["https:\/\/rolfclaessen.com\/en\/about-me\/"]}]},{"@type":"BreadcrumbList","@id":"https:\/\/rolfclaessen.com\/en\/about-me\/#breadcrumb","itemListElement":[{"@type":"ListItem","position":1,"name":"Startseite","item":"https:\/\/rolfclaessen.com\/en\/"},{"@type":"ListItem","position":2,"name":"About Me"}]},{"@type":"WebSite","@id":"https:\/\/rolfclaessen.com\/en\/#website","url":"https:\/\/rolfclaessen.com\/en\/","name":"Dr. Rolf Claessen - Patentanwalt in D\u00fcsseldorf - Patente, Marken, Designs","description":"Patentanwalt - Patente, Marken, Designs","publisher":{"@id":"https:\/\/rolfclaessen.com\/en\/#\/schema\/person\/f46be72920cf6a069b7e954fced7ca73"},"potentialAction":[{"@type":"SearchAction","target":{"@type":"EntryPoint","urlTemplate":"https:\/\/rolfclaessen.com\/en\/?s={search_term_string}"},"query-input":{"@type":"PropertyValueSpecification","valueRequired":true,"valueName":"search_term_string"}}],"inLanguage":"en-US"},{"@type":["Person","Organization"],"@id":"https:\/\/rolfclaessen.com\/en\/#\/schema\/person\/f46be72920cf6a069b7e954fced7ca73","name":"rolf.claessen","image":{"@type":"ImageObject","inLanguage":"en-US","@id":"https:\/\/rolfclaessen.com\/wp-content\/uploads\/2024\/07\/Vorschaubild-Linkedin-Open-Graph.webp","url":"https:\/\/rolfclaessen.com\/wp-content\/uploads\/2024\/07\/Vorschaubild-Linkedin-Open-Graph.webp","contentUrl":"https:\/\/rolfclaessen.com\/wp-content\/uploads\/2024\/07\/Vorschaubild-Linkedin-Open-Graph.webp","width":1200,"height":630,"caption":"rolf.claessen"},"logo":{"@id":"https:\/\/rolfclaessen.com\/wp-content\/uploads\/2024\/07\/Vorschaubild-Linkedin-Open-Graph.webp"},"description":"Dr. Rolf Claessen ist Patentanwalt in D\u00fcsseldorf und ber\u00e4t Unternehmen zu allen Fragestellungen rund um Patente, Marken und Designs. Er ist Autor, Speaker und ist der \u00d6ffentlichkeit durch seine Mitwirkung an der Sat.1 Show \u201eWie genial ist das denn ?!\u201c, den Youtubekanal und seine Podcasts bekannt.","sameAs":["https:\/\/rolfclaessen.com","https:\/\/www.facebook.com\/rolfclaessen","https:\/\/www.instagram.com\/rolfclaessen\/","https:\/\/www.linkedin.com\/in\/claessen\/","https:\/\/x.com\/rclaessen","https:\/\/www.youtube.com\/rolfclaessen","https:\/\/de.wikipedia.org\/wiki\/Rolf_Claessen"]}]}},"_links":{"self":[{"href":"https:\/\/rolfclaessen.com\/en\/wp-json\/wp\/v2\/pages\/34003","targetHints":{"allow":["GET"]}}],"collection":[{"href":"https:\/\/rolfclaessen.com\/en\/wp-json\/wp\/v2\/pages"}],"about":[{"href":"https:\/\/rolfclaessen.com\/en\/wp-json\/wp\/v2\/types\/page"}],"author":[{"embeddable":true,"href":"https:\/\/rolfclaessen.com\/en\/wp-json\/wp\/v2\/users\/1"}],"replies":[{"embeddable":true,"href":"https:\/\/rolfclaessen.com\/en\/wp-json\/wp\/v2\/comments?post=34003"}],"version-history":[{"count":8,"href":"https:\/\/rolfclaessen.com\/en\/wp-json\/wp\/v2\/pages\/34003\/revisions"}],"predecessor-version":[{"id":39379,"href":"https:\/\/rolfclaessen.com\/en\/wp-json\/wp\/v2\/pages\/34003\/revisions\/39379"}],"wp:attachment":[{"href":"https:\/\/rolfclaessen.com\/en\/wp-json\/wp\/v2\/media?parent=34003"}],"curies":[{"name":"wp","href":"https:\/\/api.w.org\/{rel}","templated":true}]}}