{"id":35388,"date":"2021-03-29T17:49:32","date_gmt":"2021-03-29T15:49:32","guid":{"rendered":"https:\/\/rolfclaessen.com\/?page_id=35388"},"modified":"2024-07-12T21:31:52","modified_gmt":"2024-07-12T19:31:52","slug":"speaking-press","status":"publish","type":"page","link":"https:\/\/rolfclaessen.com\/en\/speaking-press\/","title":{"rendered":"Speaking &amp; Press"},"content":{"rendered":"\n<h2 class=\"wp-block-heading\">Speaking: Presentations by Rolf Claessen<\/h2>\n\n\n\n<p>In my presentations, I convey complex content relating to patents, trademarks and designs in simple language and with many practical examples. The presentations can be aimed at decision-makers and managers, specialists, but also at professional colleagues.<\/p>\n\n\n\n<p>Entertaining, catchy presentations are important to me as a speaker so that the audience can take something away from them. Sometimes I also hand out beer, chocolate or other visual aids to illustrate my point.<\/p>\n\n\n\n<div class=\"wp-block-columns has-corporate-secondary-05-color has-corporate-secondary-02-background-color has-text-color has-background has-link-color wp-elements-8d272e34f43bcad3d6bc53c04c61ca6c is-layout-flex wp-container-core-columns-is-layout-128411da wp-block-columns-is-layout-flex\" style=\"padding-top:var(--wp--preset--spacing--70);padding-right:var(--wp--preset--spacing--70);padding-bottom:var(--wp--preset--spacing--70);padding-left:var(--wp--preset--spacing--70)\">\n<div class=\"wp-block-column has-border-color has-corporate-secondary-08-border-color is-layout-flow wp-block-column-is-layout-flow\" style=\"padding-top:var(--wp--preset--spacing--50);padding-right:var(--wp--preset--spacing--50);padding-bottom:var(--wp--preset--spacing--50);padding-left:var(--wp--preset--spacing--50)\">\n<figure class=\"wp-block-image size-full\"><img decoding=\"async\" width=\"712\" height=\"432\" src=\"https:\/\/rolfclaessen.com\/wp-content\/uploads\/2024\/04\/rolf-claessen_speaker-vortrag_publikum2.webp\" alt=\"Rolf Claessen als Speaker bei einem Vortrag zur Wertsch\u00f6pfung in Unternehmen durch Patente\" class=\"wp-image-35077\" style=\"aspect-ratio:16\/9;object-fit:cover\" srcset=\"https:\/\/rolfclaessen.com\/wp-content\/uploads\/2024\/04\/rolf-claessen_speaker-vortrag_publikum2.webp 712w, https:\/\/rolfclaessen.com\/wp-content\/uploads\/2024\/04\/rolf-claessen_speaker-vortrag_publikum2-300x182.webp 300w\" sizes=\"(max-width: 712px) 100vw, 712px\" \/><\/figure>\n\n\n\n<p>Informative &amp; entertaining \u2013 My presentations as a speaker at conferences, information events, specialist congresses etc.<\/p>\n<\/div>\n\n\n\n<div class=\"wp-block-column has-border-color has-corporate-secondary-08-border-color is-layout-flow wp-block-column-is-layout-flow\" style=\"padding-top:var(--wp--preset--spacing--50);padding-right:var(--wp--preset--spacing--50);padding-bottom:var(--wp--preset--spacing--50);padding-left:var(--wp--preset--spacing--50)\">\n<figure class=\"wp-block-image size-full\"><img decoding=\"async\" width=\"712\" height=\"432\" src=\"https:\/\/rolfclaessen.com\/wp-content\/uploads\/2024\/04\/rolf-claessen_speaker-vortrag_frontal.webp\" alt=\"Vortrag von Rolf Claessen, Marken- und Patentanwalt\" class=\"wp-image-35083\" style=\"aspect-ratio:16\/9;object-fit:cover\" srcset=\"https:\/\/rolfclaessen.com\/wp-content\/uploads\/2024\/04\/rolf-claessen_speaker-vortrag_frontal.webp 712w, https:\/\/rolfclaessen.com\/wp-content\/uploads\/2024\/04\/rolf-claessen_speaker-vortrag_frontal-300x182.webp 300w\" sizes=\"(max-width: 712px) 100vw, 712px\" \/><\/figure>\n\n\n\n<p>Suitable topics for the respective audience, whether decision-makers or experts, in close consultation with the organizer<\/p>\n<\/div>\n\n\n\n<div class=\"wp-block-column has-border-color has-corporate-secondary-08-border-color is-layout-flow wp-block-column-is-layout-flow\" style=\"padding-top:var(--wp--preset--spacing--50);padding-right:var(--wp--preset--spacing--50);padding-bottom:var(--wp--preset--spacing--50);padding-left:var(--wp--preset--spacing--50)\">\n<figure class=\"wp-block-image size-full\"><img decoding=\"async\" width=\"712\" height=\"432\" src=\"https:\/\/rolfclaessen.com\/wp-content\/uploads\/2024\/04\/rolf-claessen_speaker-vortrag_publikum.webp\" alt=\"Rolf Claessen als Speaker vor Publikum.\" class=\"wp-image-35079\" style=\"aspect-ratio:16\/9;object-fit:cover\" srcset=\"https:\/\/rolfclaessen.com\/wp-content\/uploads\/2024\/04\/rolf-claessen_speaker-vortrag_publikum.webp 712w, https:\/\/rolfclaessen.com\/wp-content\/uploads\/2024\/04\/rolf-claessen_speaker-vortrag_publikum-300x182.webp 300w\" sizes=\"(max-width: 712px) 100vw, 712px\" \/><\/figure>\n\n\n\n<p>Concrete benefits, facts &amp; figures and many practical examples for the audience<\/p>\n<\/div>\n<\/div>\n\n\n\n<h3 class=\"wp-block-heading\">Some Presentation Topics<\/h3>\n\n\n\n<p> As a speaker, I give presentations on various topics relating to trademarks, patents and designs. Some previous presentation topics were e.g.<\/p>\n\n\n\n<ul class=\"wp-block-list\">\n<li>Haribo &amp; Beer <\/li>\n\n\n\n<li>The value of a brand <\/li>\n\n\n\n<li>Trademarks, patents and designs for Amazon professionals <\/li>\n\n\n\n<li>Trademark Protection in Europe<\/li>\n<\/ul>\n\n\n\n<p>Further topics and selected presentation contents are <a href=\"\/veroeffentlichungen#vortraege\"> here available for download<\/a>.<\/p>\n\n\n\n<p>Are you interested in a speaker in the field of trademark law, patents and designs? Then please contact me and we will discuss the right topic for your target group.<br><a href=\"mailto:claessen@mhpatent.de?subject=Request%20%as%20%Speaker\" class=\"btn btn-primary\">Request me now as speaker<\/a><\/p>\n\n\n\n<h2 class=\"wp-block-heading\" id=\"presse\">Press<\/h2>\n\n\n\n<p> Below you will find information for the press: Images, biographies and contact details for press inquiries.<\/p>\n\n\n\n<p>With pleasure I could provide you with statements and sound bites on patents, trademarks and designs at short notice as text, in high-quality audio or as video in FullHD, also with green screen for better processing.<\/p>\n\n\n\n<h3 class=\"wp-block-heading\" id=\"press\">Contact for Press<\/h3>\n\n\n\n<p><strong>Kontakt:<\/strong>Please send your request via <a title=\"Email an Rolf Claessen\" href=\"mailto:claessen@mhpatent.de?subject=Request%20%Press\" target=\"_blank\" rel=\"noopener\">E-Mail<\/a> or just <a title=\"give me a call\" href=\"tel:+492111592490\" target=\"_blank\" rel=\"noopener\">+49 211 159 249 0<\/a> an.<br><\/p>\n\n\n\n<p> The biographies and images listed below are free for publication. A list of selected publications, lectures and television contributions can also be found <a title=\"Ver\u00f6ffentlichungen\" href=\"\/veroeffentlichungen\/\">on my website<\/a>.<\/p>\n\n\n\n<p><\/p>\n\n\n\n<h3 class=\"wp-block-heading\">Material for Press \/ Media Package<\/h3>\n\n\n\n<p><strong> Short biography Dr. Rolf Claessen<\/strong><\/p>\n\n\n\n<p>Dr. Rolf Claessen is a patent attorney in D\u00fcsseldorf and advises companies on all issues relating to patents, trademarks and designs. He is an author, speaker and is known to the public through his participation in the Sat.1 show &#8220;Wie genial ist das denn ?!&#8221;, his YouTube channel and his podcasts.<br><\/p>\n\n\n\n<p><strong> Detailed biography Dr. Rolf Claessen<\/strong><\/p>\n\n\n\n<p>Dr. Rolf Claessen is a patent attorney in D\u00fcsseldorf and advises companies on all issues relating to patents, trademarks and designs. He is an author, speaker and is known to the general public through his participation in the Sat.1 show &#8220;Wie genial ist das denn ?!&#8221;, his YouTube channel and his podcasts &#8220;IP Fridays&#8221; and &#8220;Markenpod&#8221;. He is the author of numerous articles in specialist journals, online magazines and books. After completing his doctorate in chemistry at the State University of New York, he began training as a patent attorney in 2003 after a brief stint at a nanotechnology start-up. He mostly advises medium-sized companies from Germany, but also foreign companies that need protection for their intellectual property in Germany or Europe. He is a member of many professional associations and is an honorary member of the Wirtschaftsjunioren Deutschland (Junior Chamber International) and Rotary. Dr. Claessen has three children and lives in Cologne.<\/p>\n\n\n\n<p>You can also use the information on the <a title=\"Dr. Rolf Claessen\" href=\"https:\/\/de.wikipedia.org\/wiki\/Rolf_Claessen\" target=\"_blank\" rel=\"noopener\">Wikipedia Profile<\/a>.<\/p>\n\n\n\n<p>PHOTOS FOR PRESS &amp; MEDIA<\/p>\n\n\n\n<div class=\"wp-block-group has-corporate-secondary-05-color has-corporate-secondary-02-background-color has-text-color has-background has-link-color wp-elements-6076fa74974487d793252e971d72bc89 is-layout-constrained wp-block-group-is-layout-constrained\" style=\"padding-top:var(--wp--preset--spacing--70);padding-bottom:var(--wp--preset--spacing--70)\">\n<div class=\"wp-block-columns is-layout-flex wp-container-core-columns-is-layout-28f84493 wp-block-columns-is-layout-flex\">\n<div class=\"wp-block-column is-layout-flow wp-block-column-is-layout-flow\" style=\"padding-right:var(--wp--preset--spacing--70);padding-left:var(--wp--preset--spacing--70)\">\n<p class=\"subtitle has-corporate-secondary-color has-text-color has-link-color wp-elements-4883d7d65e4e8a55655948052aa95895\">Photos for press &amp; media<\/p>\n\n\n\n<h3 class=\"wp-block-heading\">Photos Dr. Rolf Claessen for Publication<\/h3>\n\n\n\n<p>These photos and the above (short) biography may be used for publication in the media, for lecture announcements or similar.<\/p>\n<\/div>\n<\/div>\n\n\n\n<div class=\"wp-block-columns is-layout-flex wp-container-core-columns-is-layout-b5a55b56 wp-block-columns-is-layout-flex\" style=\"padding-top:0;padding-right:var(--wp--preset--spacing--70);padding-bottom:0;padding-left:var(--wp--preset--spacing--70)\">\n<div class=\"wp-block-column has-border-color has-corporate-secondary-08-border-color is-layout-flow wp-block-column-is-layout-flow\" style=\"padding-top:var(--wp--preset--spacing--50);padding-right:var(--wp--preset--spacing--50);padding-bottom:var(--wp--preset--spacing--50);padding-left:var(--wp--preset--spacing--50)\">\n<figure class=\"wp-block-image size-full\"><img decoding=\"async\" width=\"550\" height=\"550\" src=\"https:\/\/rolfclaessen.com\/wp-content\/uploads\/2024\/04\/patentanwalt_rolf-claessen.webp\" alt=\"Patentanwalt Rolf Claessen\" class=\"wp-image-35182\" srcset=\"https:\/\/rolfclaessen.com\/wp-content\/uploads\/2024\/04\/patentanwalt_rolf-claessen.webp 550w, https:\/\/rolfclaessen.com\/wp-content\/uploads\/2024\/04\/patentanwalt_rolf-claessen-300x300.webp 300w, https:\/\/rolfclaessen.com\/wp-content\/uploads\/2024\/04\/patentanwalt_rolf-claessen-150x150.webp 150w\" sizes=\"(max-width: 550px) 100vw, 550px\" \/><\/figure>\n\n\n\n<h4 class=\"wp-block-heading\">Patent Attorney Rolf Claessen<\/h4>\n\n\n\n<p class=\"has-corporate-secondary-color has-text-color has-link-color wp-elements-71e750be1e2900a491e7be25f27e901f\"><a href=\"https:\/\/rolfclaessen.com\/wp-content\/uploads\/2024\/04\/patentanwalt_rolf-claessen-scaled.jpg\"><a href=\"https:\/\/rolfclaessen.com\/wp-content\/uploads\/2024\/04\/patentanwalt_rolf-claessen-scaled.jpg\">Photo in high resolution for download<\/a><\/a><\/p>\n\n\n\n<p>(half long shot, portrait format)<\/p>\n<\/div>\n\n\n\n<div class=\"wp-block-column has-border-color has-corporate-secondary-08-border-color is-layout-flow wp-block-column-is-layout-flow\" style=\"padding-top:var(--wp--preset--spacing--50);padding-right:var(--wp--preset--spacing--50);padding-bottom:var(--wp--preset--spacing--50);padding-left:var(--wp--preset--spacing--50)\">\n<figure class=\"wp-block-image size-full\"><img decoding=\"async\" width=\"550\" height=\"550\" src=\"https:\/\/rolfclaessen.com\/wp-content\/uploads\/2024\/04\/patentanwalt_rolf-claessen_koeln.webp\" alt=\"Patentanwalt Rolf Claessen K\u00f6ln\" class=\"wp-image-35195\" srcset=\"https:\/\/rolfclaessen.com\/wp-content\/uploads\/2024\/04\/patentanwalt_rolf-claessen_koeln.webp 550w, https:\/\/rolfclaessen.com\/wp-content\/uploads\/2024\/04\/patentanwalt_rolf-claessen_koeln-300x300.webp 300w, https:\/\/rolfclaessen.com\/wp-content\/uploads\/2024\/04\/patentanwalt_rolf-claessen_koeln-150x150.webp 150w\" sizes=\"(max-width: 550px) 100vw, 550px\" \/><\/figure>\n\n\n\n<h4 class=\"wp-block-heading\">Patent Attorney Rolf Claessen Cologne<\/h4>\n\n\n\n<p class=\"has-corporate-secondary-color has-text-color has-link-color wp-elements-afe9111cf3734d5fb10654619e9ccc8e\"><a href=\"https:\/\/rolfclaessen.com\/wp-content\/uploads\/2024\/04\/patentanwalt_rolf-claessen_koeln-scaled.jpg\"><a href=\"https:\/\/rolfclaessen.com\/wp-content\/uploads\/2024\/04\/patentanwalt_rolf-claessen_koeln-scaled.jpg\">Photo in high resolution for download<\/a><\/a><\/p>\n\n\n\n<p>(landscape format, in front of Cologne skyline)<\/p>\n<\/div>\n\n\n\n<div class=\"wp-block-column has-border-color has-corporate-secondary-08-border-color is-layout-flow wp-block-column-is-layout-flow\" style=\"padding-top:var(--wp--preset--spacing--50);padding-right:var(--wp--preset--spacing--50);padding-bottom:var(--wp--preset--spacing--50);padding-left:var(--wp--preset--spacing--50)\">\n<figure class=\"wp-block-image size-full\"><img decoding=\"async\" width=\"550\" height=\"550\" src=\"https:\/\/rolfclaessen.com\/wp-content\/uploads\/2024\/04\/patentanwalt_rolf-claessen_bibliothek.webp\" alt=\"Patentanwalt Rolf Claessen bei der Recherche\" class=\"wp-image-35189\" srcset=\"https:\/\/rolfclaessen.com\/wp-content\/uploads\/2024\/04\/patentanwalt_rolf-claessen_bibliothek.webp 550w, https:\/\/rolfclaessen.com\/wp-content\/uploads\/2024\/04\/patentanwalt_rolf-claessen_bibliothek-300x300.webp 300w, https:\/\/rolfclaessen.com\/wp-content\/uploads\/2024\/04\/patentanwalt_rolf-claessen_bibliothek-150x150.webp 150w\" sizes=\"(max-width: 550px) 100vw, 550px\" \/><\/figure>\n\n\n\n<h4 class=\"wp-block-heading\">Patent Attorney Rolf Claessen during the research<\/h4>\n\n\n\n<p class=\"has-corporate-secondary-color has-text-color has-link-color wp-elements-6a6b87690ab4856355704f301d97545f\"><a href=\"https:\/\/rolfclaessen.com\/wp-content\/uploads\/2024\/04\/patentanwalt_rolf-claessen_bibliothek-scaled.jpg\"><a href=\"https:\/\/rolfclaessen.com\/wp-content\/uploads\/2024\/04\/patentanwalt_rolf-claessen_bibliothek-scaled.jpg\">Photo in high resolution for download<\/a><\/a><\/p>\n\n\n\n<p>(landscape format, library)<\/p>\n<\/div>\n<\/div>\n<\/div>\n\n\n\n<p><br>If you require further \/ other image material, please <a href=\"mailto:claessen@mhpatent.de\">contact me<\/a> directly.<br><br><\/p>\n","protected":false},"excerpt":{"rendered":"<p>Speaking: Presentations by Rolf Claessen In my presentations, I convey complex content relating to patents, trademarks and designs in simple language and with many practical examples. The presentations can be aimed at decision-makers and managers, specialists, but also at professional colleagues. Entertaining, catchy presentations are important to me as a speaker so that the audience &hellip; <a href=\"https:\/\/rolfclaessen.com\/en\/speaking-press\/\">Read more<\/a><\/p>\n","protected":false},"author":1,"featured_media":0,"parent":0,"menu_order":0,"comment_status":"closed","ping_status":"closed","template":"","meta":{"_acf_changed":false,"content-type":"","footnotes":""},"class_list":["post-35388","page","type-page","status-publish","hentry"],"acf":[],"yoast_head":"<!-- This site is optimized with the Yoast SEO plugin v27.4 - https:\/\/yoast.com\/product\/yoast-seo-wordpress\/ -->\n<title>Speaking &amp; Press - Dr. Rolf Claessen<\/title>\n<meta name=\"description\" content=\"Further information on booking me as speaker for an event or demanding me as an expert for press articles about patents, designs &amp; trademarks.\" \/>\n<meta name=\"robots\" content=\"index, follow, max-snippet:-1, max-image-preview:large, max-video-preview:-1\" \/>\n<link rel=\"canonical\" href=\"https:\/\/rolfclaessen.com\/en\/speaking-press\/\" \/>\n<meta property=\"og:locale\" content=\"en_US\" \/>\n<meta property=\"og:type\" content=\"article\" \/>\n<meta property=\"og:title\" content=\"Speaking &amp; Press - Dr. Rolf Claessen\" \/>\n<meta property=\"og:description\" content=\"Further information on booking me as speaker for an event or demanding me as an expert for press articles about patents, designs &amp; trademarks.\" \/>\n<meta property=\"og:url\" content=\"https:\/\/rolfclaessen.com\/en\/speaking-press\/\" \/>\n<meta property=\"og:site_name\" content=\"Dr. Rolf Claessen\" \/>\n<meta property=\"article:publisher\" content=\"https:\/\/www.facebook.com\/rolfclaessen\" \/>\n<meta property=\"article:modified_time\" content=\"2024-07-12T19:31:52+00:00\" \/>\n<meta property=\"og:image\" content=\"https:\/\/rolfclaessen.com\/wp-content\/uploads\/2024\/04\/rolf-claessen_speaker-vortrag_publikum2.webp\" \/>\n<meta name=\"twitter:card\" content=\"summary_large_image\" \/>\n<meta name=\"twitter:site\" content=\"@rclaessen\" \/>\n<meta name=\"twitter:label1\" content=\"Est. reading time\" \/>\n\t<meta name=\"twitter:data1\" content=\"3 minutes\" \/>\n<script type=\"application\/ld+json\" class=\"yoast-schema-graph\">{\"@context\":\"https:\\\/\\\/schema.org\",\"@graph\":[{\"@type\":\"WebPage\",\"@id\":\"https:\\\/\\\/rolfclaessen.com\\\/en\\\/speaking-press\\\/\",\"url\":\"https:\\\/\\\/rolfclaessen.com\\\/en\\\/speaking-press\\\/\",\"name\":\"Speaking &amp; Press - Dr. Rolf Claessen\",\"isPartOf\":{\"@id\":\"https:\\\/\\\/rolfclaessen.com\\\/en\\\/#website\"},\"primaryImageOfPage\":{\"@id\":\"https:\\\/\\\/rolfclaessen.com\\\/en\\\/speaking-press\\\/#primaryimage\"},\"image\":{\"@id\":\"https:\\\/\\\/rolfclaessen.com\\\/en\\\/speaking-press\\\/#primaryimage\"},\"thumbnailUrl\":\"https:\\\/\\\/rolfclaessen.com\\\/wp-content\\\/uploads\\\/2024\\\/04\\\/rolf-claessen_speaker-vortrag_publikum2.webp\",\"datePublished\":\"2021-03-29T15:49:32+00:00\",\"dateModified\":\"2024-07-12T19:31:52+00:00\",\"description\":\"Further information on booking me as speaker for an event or demanding me as an expert for press articles about patents, designs & trademarks.\",\"breadcrumb\":{\"@id\":\"https:\\\/\\\/rolfclaessen.com\\\/en\\\/speaking-press\\\/#breadcrumb\"},\"inLanguage\":\"en-US\",\"potentialAction\":[{\"@type\":\"ReadAction\",\"target\":[\"https:\\\/\\\/rolfclaessen.com\\\/en\\\/speaking-press\\\/\"]}]},{\"@type\":\"ImageObject\",\"inLanguage\":\"en-US\",\"@id\":\"https:\\\/\\\/rolfclaessen.com\\\/en\\\/speaking-press\\\/#primaryimage\",\"url\":\"https:\\\/\\\/rolfclaessen.com\\\/wp-content\\\/uploads\\\/2024\\\/04\\\/rolf-claessen_speaker-vortrag_publikum2.webp\",\"contentUrl\":\"https:\\\/\\\/rolfclaessen.com\\\/wp-content\\\/uploads\\\/2024\\\/04\\\/rolf-claessen_speaker-vortrag_publikum2.webp\"},{\"@type\":\"BreadcrumbList\",\"@id\":\"https:\\\/\\\/rolfclaessen.com\\\/en\\\/speaking-press\\\/#breadcrumb\",\"itemListElement\":[{\"@type\":\"ListItem\",\"position\":1,\"name\":\"Startseite\",\"item\":\"https:\\\/\\\/rolfclaessen.com\\\/en\\\/\"},{\"@type\":\"ListItem\",\"position\":2,\"name\":\"Speaking &amp; Press\"}]},{\"@type\":\"WebSite\",\"@id\":\"https:\\\/\\\/rolfclaessen.com\\\/en\\\/#website\",\"url\":\"https:\\\/\\\/rolfclaessen.com\\\/en\\\/\",\"name\":\"Dr. Rolf Claessen - Patentanwalt in D\u00fcsseldorf - Patente, Marken, Designs\",\"description\":\"Patentanwalt - Patente, Marken, Designs\",\"publisher\":{\"@id\":\"https:\\\/\\\/rolfclaessen.com\\\/en\\\/#\\\/schema\\\/person\\\/f46be72920cf6a069b7e954fced7ca73\"},\"potentialAction\":[{\"@type\":\"SearchAction\",\"target\":{\"@type\":\"EntryPoint\",\"urlTemplate\":\"https:\\\/\\\/rolfclaessen.com\\\/en\\\/?s={search_term_string}\"},\"query-input\":{\"@type\":\"PropertyValueSpecification\",\"valueRequired\":true,\"valueName\":\"search_term_string\"}}],\"inLanguage\":\"en-US\"},{\"@type\":[\"Person\",\"Organization\"],\"@id\":\"https:\\\/\\\/rolfclaessen.com\\\/en\\\/#\\\/schema\\\/person\\\/f46be72920cf6a069b7e954fced7ca73\",\"name\":\"rolf.claessen\",\"image\":{\"@type\":\"ImageObject\",\"inLanguage\":\"en-US\",\"@id\":\"https:\\\/\\\/rolfclaessen.com\\\/wp-content\\\/uploads\\\/2024\\\/07\\\/Vorschaubild-Linkedin-Open-Graph.webp\",\"url\":\"https:\\\/\\\/rolfclaessen.com\\\/wp-content\\\/uploads\\\/2024\\\/07\\\/Vorschaubild-Linkedin-Open-Graph.webp\",\"contentUrl\":\"https:\\\/\\\/rolfclaessen.com\\\/wp-content\\\/uploads\\\/2024\\\/07\\\/Vorschaubild-Linkedin-Open-Graph.webp\",\"width\":1200,\"height\":630,\"caption\":\"rolf.claessen\"},\"logo\":{\"@id\":\"https:\\\/\\\/rolfclaessen.com\\\/wp-content\\\/uploads\\\/2024\\\/07\\\/Vorschaubild-Linkedin-Open-Graph.webp\"},\"description\":\"Dr. Rolf Claessen ist Patentanwalt in D\u00fcsseldorf und ber\u00e4t Unternehmen zu allen Fragestellungen rund um Patente, Marken und Designs. Er ist Autor, Speaker und ist der \u00d6ffentlichkeit durch seine Mitwirkung an der Sat.1 Show \u201eWie genial ist das denn ?!\u201c, den Youtubekanal und seine Podcasts bekannt.\",\"sameAs\":[\"https:\\\/\\\/rolfclaessen.com\",\"https:\\\/\\\/www.facebook.com\\\/rolfclaessen\",\"https:\\\/\\\/www.instagram.com\\\/rolfclaessen\\\/\",\"https:\\\/\\\/www.linkedin.com\\\/in\\\/claessen\\\/\",\"https:\\\/\\\/x.com\\\/rclaessen\",\"https:\\\/\\\/www.youtube.com\\\/rolfclaessen\",\"https:\\\/\\\/de.wikipedia.org\\\/wiki\\\/Rolf_Claessen\"]}]}<\/script>\n<!-- \/ Yoast SEO plugin. -->","yoast_head_json":{"title":"Speaking &amp; Press - Dr. Rolf Claessen","description":"Further information on booking me as speaker for an event or demanding me as an expert for press articles about patents, designs & trademarks.","robots":{"index":"index","follow":"follow","max-snippet":"max-snippet:-1","max-image-preview":"max-image-preview:large","max-video-preview":"max-video-preview:-1"},"canonical":"https:\/\/rolfclaessen.com\/en\/speaking-press\/","og_locale":"en_US","og_type":"article","og_title":"Speaking &amp; Press - Dr. Rolf Claessen","og_description":"Further information on booking me as speaker for an event or demanding me as an expert for press articles about patents, designs & trademarks.","og_url":"https:\/\/rolfclaessen.com\/en\/speaking-press\/","og_site_name":"Dr. Rolf Claessen","article_publisher":"https:\/\/www.facebook.com\/rolfclaessen","article_modified_time":"2024-07-12T19:31:52+00:00","og_image":[{"url":"https:\/\/rolfclaessen.com\/wp-content\/uploads\/2024\/04\/rolf-claessen_speaker-vortrag_publikum2.webp","type":"","width":"","height":""}],"twitter_card":"summary_large_image","twitter_site":"@rclaessen","twitter_misc":{"Est. reading time":"3 minutes"},"schema":{"@context":"https:\/\/schema.org","@graph":[{"@type":"WebPage","@id":"https:\/\/rolfclaessen.com\/en\/speaking-press\/","url":"https:\/\/rolfclaessen.com\/en\/speaking-press\/","name":"Speaking &amp; Press - Dr. Rolf Claessen","isPartOf":{"@id":"https:\/\/rolfclaessen.com\/en\/#website"},"primaryImageOfPage":{"@id":"https:\/\/rolfclaessen.com\/en\/speaking-press\/#primaryimage"},"image":{"@id":"https:\/\/rolfclaessen.com\/en\/speaking-press\/#primaryimage"},"thumbnailUrl":"https:\/\/rolfclaessen.com\/wp-content\/uploads\/2024\/04\/rolf-claessen_speaker-vortrag_publikum2.webp","datePublished":"2021-03-29T15:49:32+00:00","dateModified":"2024-07-12T19:31:52+00:00","description":"Further information on booking me as speaker for an event or demanding me as an expert for press articles about patents, designs & trademarks.","breadcrumb":{"@id":"https:\/\/rolfclaessen.com\/en\/speaking-press\/#breadcrumb"},"inLanguage":"en-US","potentialAction":[{"@type":"ReadAction","target":["https:\/\/rolfclaessen.com\/en\/speaking-press\/"]}]},{"@type":"ImageObject","inLanguage":"en-US","@id":"https:\/\/rolfclaessen.com\/en\/speaking-press\/#primaryimage","url":"https:\/\/rolfclaessen.com\/wp-content\/uploads\/2024\/04\/rolf-claessen_speaker-vortrag_publikum2.webp","contentUrl":"https:\/\/rolfclaessen.com\/wp-content\/uploads\/2024\/04\/rolf-claessen_speaker-vortrag_publikum2.webp"},{"@type":"BreadcrumbList","@id":"https:\/\/rolfclaessen.com\/en\/speaking-press\/#breadcrumb","itemListElement":[{"@type":"ListItem","position":1,"name":"Startseite","item":"https:\/\/rolfclaessen.com\/en\/"},{"@type":"ListItem","position":2,"name":"Speaking &amp; Press"}]},{"@type":"WebSite","@id":"https:\/\/rolfclaessen.com\/en\/#website","url":"https:\/\/rolfclaessen.com\/en\/","name":"Dr. Rolf Claessen - Patentanwalt in D\u00fcsseldorf - Patente, Marken, Designs","description":"Patentanwalt - Patente, Marken, Designs","publisher":{"@id":"https:\/\/rolfclaessen.com\/en\/#\/schema\/person\/f46be72920cf6a069b7e954fced7ca73"},"potentialAction":[{"@type":"SearchAction","target":{"@type":"EntryPoint","urlTemplate":"https:\/\/rolfclaessen.com\/en\/?s={search_term_string}"},"query-input":{"@type":"PropertyValueSpecification","valueRequired":true,"valueName":"search_term_string"}}],"inLanguage":"en-US"},{"@type":["Person","Organization"],"@id":"https:\/\/rolfclaessen.com\/en\/#\/schema\/person\/f46be72920cf6a069b7e954fced7ca73","name":"rolf.claessen","image":{"@type":"ImageObject","inLanguage":"en-US","@id":"https:\/\/rolfclaessen.com\/wp-content\/uploads\/2024\/07\/Vorschaubild-Linkedin-Open-Graph.webp","url":"https:\/\/rolfclaessen.com\/wp-content\/uploads\/2024\/07\/Vorschaubild-Linkedin-Open-Graph.webp","contentUrl":"https:\/\/rolfclaessen.com\/wp-content\/uploads\/2024\/07\/Vorschaubild-Linkedin-Open-Graph.webp","width":1200,"height":630,"caption":"rolf.claessen"},"logo":{"@id":"https:\/\/rolfclaessen.com\/wp-content\/uploads\/2024\/07\/Vorschaubild-Linkedin-Open-Graph.webp"},"description":"Dr. Rolf Claessen ist Patentanwalt in D\u00fcsseldorf und ber\u00e4t Unternehmen zu allen Fragestellungen rund um Patente, Marken und Designs. Er ist Autor, Speaker und ist der \u00d6ffentlichkeit durch seine Mitwirkung an der Sat.1 Show \u201eWie genial ist das denn ?!\u201c, den Youtubekanal und seine Podcasts bekannt.","sameAs":["https:\/\/rolfclaessen.com","https:\/\/www.facebook.com\/rolfclaessen","https:\/\/www.instagram.com\/rolfclaessen\/","https:\/\/www.linkedin.com\/in\/claessen\/","https:\/\/x.com\/rclaessen","https:\/\/www.youtube.com\/rolfclaessen","https:\/\/de.wikipedia.org\/wiki\/Rolf_Claessen"]}]}},"_links":{"self":[{"href":"https:\/\/rolfclaessen.com\/en\/wp-json\/wp\/v2\/pages\/35388","targetHints":{"allow":["GET"]}}],"collection":[{"href":"https:\/\/rolfclaessen.com\/en\/wp-json\/wp\/v2\/pages"}],"about":[{"href":"https:\/\/rolfclaessen.com\/en\/wp-json\/wp\/v2\/types\/page"}],"author":[{"embeddable":true,"href":"https:\/\/rolfclaessen.com\/en\/wp-json\/wp\/v2\/users\/1"}],"replies":[{"embeddable":true,"href":"https:\/\/rolfclaessen.com\/en\/wp-json\/wp\/v2\/comments?post=35388"}],"version-history":[{"count":9,"href":"https:\/\/rolfclaessen.com\/en\/wp-json\/wp\/v2\/pages\/35388\/revisions"}],"predecessor-version":[{"id":39397,"href":"https:\/\/rolfclaessen.com\/en\/wp-json\/wp\/v2\/pages\/35388\/revisions\/39397"}],"wp:attachment":[{"href":"https:\/\/rolfclaessen.com\/en\/wp-json\/wp\/v2\/media?parent=35388"}],"curies":[{"name":"wp","href":"https:\/\/api.w.org\/{rel}","templated":true}]}}