{"id":35415,"date":"2021-04-02T16:42:53","date_gmt":"2021-04-02T14:42:53","guid":{"rendered":"https:\/\/rolfclaessen.com\/?page_id=35415"},"modified":"2024-05-27T06:51:03","modified_gmt":"2024-05-27T04:51:03","slug":"ip-newsflash","status":"publish","type":"page","link":"https:\/\/rolfclaessen.com\/en\/ip-newsflash\/","title":{"rendered":"IP Newsflash"},"content":{"rendered":"\n<p>I started IP Newsflash in 2004 when training to become a patent attorney with the goal to always see the latest communications from the IP Offices, IP related decisions and other IP related news.\u00a0<\/p>\n","protected":false},"excerpt":{"rendered":"<p>I started IP Newsflash in 2004 when training to become a patent attorney with the goal to always see the latest communications from the IP Offices, IP related decisions and other IP related news.\u00a0<\/p>\n","protected":false},"author":7,"featured_media":0,"parent":0,"menu_order":0,"comment_status":"closed","ping_status":"closed","template":"template-newsflash-home.blade.php","meta":{"_acf_changed":false,"content-type":"","footnotes":""},"class_list":["post-35415","page","type-page","status-publish","hentry"],"acf":[],"yoast_head":"<!-- This site is optimized with the Yoast SEO plugin v27.5 - https:\/\/yoast.com\/product\/yoast-seo-wordpress\/ -->\n<title>IP Newsflash - Dr. Rolf Claessen<\/title>\n<meta name=\"robots\" content=\"index, follow, max-snippet:-1, max-image-preview:large, max-video-preview:-1\" \/>\n<link rel=\"canonical\" href=\"https:\/\/rolfclaessen.com\/en\/ip-newsflash\/\" \/>\n<meta property=\"og:locale\" content=\"en_US\" \/>\n<meta property=\"og:type\" content=\"article\" \/>\n<meta property=\"og:title\" content=\"IP Newsflash - Dr. Rolf Claessen\" \/>\n<meta property=\"og:description\" content=\"I started IP Newsflash in 2004 when training to become a patent attorney with the goal to always see the latest communications from the IP Offices, IP related decisions and other IP related news.\u00a0\" \/>\n<meta property=\"og:url\" content=\"https:\/\/rolfclaessen.com\/en\/ip-newsflash\/\" \/>\n<meta property=\"og:site_name\" content=\"Dr. Rolf Claessen\" \/>\n<meta property=\"article:publisher\" content=\"https:\/\/www.facebook.com\/rolfclaessen\" \/>\n<meta property=\"article:modified_time\" content=\"2024-05-27T04:51:03+00:00\" \/>\n<meta name=\"twitter:card\" content=\"summary_large_image\" \/>\n<meta name=\"twitter:site\" content=\"@rclaessen\" \/>\n<script type=\"application\/ld+json\" class=\"yoast-schema-graph\">{\"@context\":\"https:\\\/\\\/schema.org\",\"@graph\":[{\"@type\":\"WebPage\",\"@id\":\"https:\\\/\\\/rolfclaessen.com\\\/en\\\/ip-newsflash\\\/\",\"url\":\"https:\\\/\\\/rolfclaessen.com\\\/en\\\/ip-newsflash\\\/\",\"name\":\"IP Newsflash - Dr. Rolf Claessen\",\"isPartOf\":{\"@id\":\"https:\\\/\\\/rolfclaessen.com\\\/en\\\/#website\"},\"datePublished\":\"2021-04-02T14:42:53+00:00\",\"dateModified\":\"2024-05-27T04:51:03+00:00\",\"breadcrumb\":{\"@id\":\"https:\\\/\\\/rolfclaessen.com\\\/en\\\/ip-newsflash\\\/#breadcrumb\"},\"inLanguage\":\"en-US\",\"potentialAction\":[{\"@type\":\"ReadAction\",\"target\":[\"https:\\\/\\\/rolfclaessen.com\\\/en\\\/ip-newsflash\\\/\"]}]},{\"@type\":\"BreadcrumbList\",\"@id\":\"https:\\\/\\\/rolfclaessen.com\\\/en\\\/ip-newsflash\\\/#breadcrumb\",\"itemListElement\":[{\"@type\":\"ListItem\",\"position\":1,\"name\":\"Startseite\",\"item\":\"https:\\\/\\\/rolfclaessen.com\\\/en\\\/\"},{\"@type\":\"ListItem\",\"position\":2,\"name\":\"IP Newsflash\"}]},{\"@type\":\"WebSite\",\"@id\":\"https:\\\/\\\/rolfclaessen.com\\\/en\\\/#website\",\"url\":\"https:\\\/\\\/rolfclaessen.com\\\/en\\\/\",\"name\":\"Dr. Rolf Claessen - Patentanwalt in D\u00fcsseldorf - Patente, Marken, Designs\",\"description\":\"Patentanwalt - Patente, Marken, Designs\",\"publisher\":{\"@id\":\"https:\\\/\\\/rolfclaessen.com\\\/en\\\/#\\\/schema\\\/person\\\/f46be72920cf6a069b7e954fced7ca73\"},\"potentialAction\":[{\"@type\":\"SearchAction\",\"target\":{\"@type\":\"EntryPoint\",\"urlTemplate\":\"https:\\\/\\\/rolfclaessen.com\\\/en\\\/?s={search_term_string}\"},\"query-input\":{\"@type\":\"PropertyValueSpecification\",\"valueRequired\":true,\"valueName\":\"search_term_string\"}}],\"inLanguage\":\"en-US\"},{\"@type\":[\"Person\",\"Organization\"],\"@id\":\"https:\\\/\\\/rolfclaessen.com\\\/en\\\/#\\\/schema\\\/person\\\/f46be72920cf6a069b7e954fced7ca73\",\"name\":\"rolf.claessen\",\"image\":{\"@type\":\"ImageObject\",\"inLanguage\":\"en-US\",\"@id\":\"https:\\\/\\\/rolfclaessen.com\\\/wp-content\\\/uploads\\\/2024\\\/07\\\/Vorschaubild-Linkedin-Open-Graph.webp\",\"url\":\"https:\\\/\\\/rolfclaessen.com\\\/wp-content\\\/uploads\\\/2024\\\/07\\\/Vorschaubild-Linkedin-Open-Graph.webp\",\"contentUrl\":\"https:\\\/\\\/rolfclaessen.com\\\/wp-content\\\/uploads\\\/2024\\\/07\\\/Vorschaubild-Linkedin-Open-Graph.webp\",\"width\":1200,\"height\":630,\"caption\":\"rolf.claessen\"},\"logo\":{\"@id\":\"https:\\\/\\\/rolfclaessen.com\\\/wp-content\\\/uploads\\\/2024\\\/07\\\/Vorschaubild-Linkedin-Open-Graph.webp\"},\"description\":\"Dr. Rolf Claessen ist Patentanwalt in D\u00fcsseldorf und ber\u00e4t Unternehmen zu allen Fragestellungen rund um Patente, Marken und Designs. Er ist Autor, Speaker und ist der \u00d6ffentlichkeit durch seine Mitwirkung an der Sat.1 Show \u201eWie genial ist das denn ?!\u201c, den Youtubekanal und seine Podcasts bekannt.\",\"sameAs\":[\"https:\\\/\\\/rolfclaessen.com\",\"https:\\\/\\\/www.facebook.com\\\/rolfclaessen\",\"https:\\\/\\\/www.instagram.com\\\/rolfclaessen\\\/\",\"https:\\\/\\\/www.linkedin.com\\\/in\\\/claessen\\\/\",\"https:\\\/\\\/x.com\\\/rclaessen\",\"https:\\\/\\\/www.youtube.com\\\/rolfclaessen\",\"https:\\\/\\\/de.wikipedia.org\\\/wiki\\\/Rolf_Claessen\"]}]}<\/script>\n<!-- \/ Yoast SEO plugin. -->","yoast_head_json":{"title":"IP Newsflash - Dr. Rolf Claessen","robots":{"index":"index","follow":"follow","max-snippet":"max-snippet:-1","max-image-preview":"max-image-preview:large","max-video-preview":"max-video-preview:-1"},"canonical":"https:\/\/rolfclaessen.com\/en\/ip-newsflash\/","og_locale":"en_US","og_type":"article","og_title":"IP Newsflash - Dr. Rolf Claessen","og_description":"I started IP Newsflash in 2004 when training to become a patent attorney with the goal to always see the latest communications from the IP Offices, IP related decisions and other IP related news.\u00a0","og_url":"https:\/\/rolfclaessen.com\/en\/ip-newsflash\/","og_site_name":"Dr. Rolf Claessen","article_publisher":"https:\/\/www.facebook.com\/rolfclaessen","article_modified_time":"2024-05-27T04:51:03+00:00","twitter_card":"summary_large_image","twitter_site":"@rclaessen","schema":{"@context":"https:\/\/schema.org","@graph":[{"@type":"WebPage","@id":"https:\/\/rolfclaessen.com\/en\/ip-newsflash\/","url":"https:\/\/rolfclaessen.com\/en\/ip-newsflash\/","name":"IP Newsflash - Dr. Rolf Claessen","isPartOf":{"@id":"https:\/\/rolfclaessen.com\/en\/#website"},"datePublished":"2021-04-02T14:42:53+00:00","dateModified":"2024-05-27T04:51:03+00:00","breadcrumb":{"@id":"https:\/\/rolfclaessen.com\/en\/ip-newsflash\/#breadcrumb"},"inLanguage":"en-US","potentialAction":[{"@type":"ReadAction","target":["https:\/\/rolfclaessen.com\/en\/ip-newsflash\/"]}]},{"@type":"BreadcrumbList","@id":"https:\/\/rolfclaessen.com\/en\/ip-newsflash\/#breadcrumb","itemListElement":[{"@type":"ListItem","position":1,"name":"Startseite","item":"https:\/\/rolfclaessen.com\/en\/"},{"@type":"ListItem","position":2,"name":"IP Newsflash"}]},{"@type":"WebSite","@id":"https:\/\/rolfclaessen.com\/en\/#website","url":"https:\/\/rolfclaessen.com\/en\/","name":"Dr. Rolf Claessen - Patentanwalt in D\u00fcsseldorf - Patente, Marken, Designs","description":"Patentanwalt - Patente, Marken, Designs","publisher":{"@id":"https:\/\/rolfclaessen.com\/en\/#\/schema\/person\/f46be72920cf6a069b7e954fced7ca73"},"potentialAction":[{"@type":"SearchAction","target":{"@type":"EntryPoint","urlTemplate":"https:\/\/rolfclaessen.com\/en\/?s={search_term_string}"},"query-input":{"@type":"PropertyValueSpecification","valueRequired":true,"valueName":"search_term_string"}}],"inLanguage":"en-US"},{"@type":["Person","Organization"],"@id":"https:\/\/rolfclaessen.com\/en\/#\/schema\/person\/f46be72920cf6a069b7e954fced7ca73","name":"rolf.claessen","image":{"@type":"ImageObject","inLanguage":"en-US","@id":"https:\/\/rolfclaessen.com\/wp-content\/uploads\/2024\/07\/Vorschaubild-Linkedin-Open-Graph.webp","url":"https:\/\/rolfclaessen.com\/wp-content\/uploads\/2024\/07\/Vorschaubild-Linkedin-Open-Graph.webp","contentUrl":"https:\/\/rolfclaessen.com\/wp-content\/uploads\/2024\/07\/Vorschaubild-Linkedin-Open-Graph.webp","width":1200,"height":630,"caption":"rolf.claessen"},"logo":{"@id":"https:\/\/rolfclaessen.com\/wp-content\/uploads\/2024\/07\/Vorschaubild-Linkedin-Open-Graph.webp"},"description":"Dr. Rolf Claessen ist Patentanwalt in D\u00fcsseldorf und ber\u00e4t Unternehmen zu allen Fragestellungen rund um Patente, Marken und Designs. Er ist Autor, Speaker und ist der \u00d6ffentlichkeit durch seine Mitwirkung an der Sat.1 Show \u201eWie genial ist das denn ?!\u201c, den Youtubekanal und seine Podcasts bekannt.","sameAs":["https:\/\/rolfclaessen.com","https:\/\/www.facebook.com\/rolfclaessen","https:\/\/www.instagram.com\/rolfclaessen\/","https:\/\/www.linkedin.com\/in\/claessen\/","https:\/\/x.com\/rclaessen","https:\/\/www.youtube.com\/rolfclaessen","https:\/\/de.wikipedia.org\/wiki\/Rolf_Claessen"]}]}},"_links":{"self":[{"href":"https:\/\/rolfclaessen.com\/en\/wp-json\/wp\/v2\/pages\/35415","targetHints":{"allow":["GET"]}}],"collection":[{"href":"https:\/\/rolfclaessen.com\/en\/wp-json\/wp\/v2\/pages"}],"about":[{"href":"https:\/\/rolfclaessen.com\/en\/wp-json\/wp\/v2\/types\/page"}],"author":[{"embeddable":true,"href":"https:\/\/rolfclaessen.com\/en\/wp-json\/wp\/v2\/users\/7"}],"replies":[{"embeddable":true,"href":"https:\/\/rolfclaessen.com\/en\/wp-json\/wp\/v2\/comments?post=35415"}],"version-history":[{"count":1,"href":"https:\/\/rolfclaessen.com\/en\/wp-json\/wp\/v2\/pages\/35415\/revisions"}],"predecessor-version":[{"id":35416,"href":"https:\/\/rolfclaessen.com\/en\/wp-json\/wp\/v2\/pages\/35415\/revisions\/35416"}],"wp:attachment":[{"href":"https:\/\/rolfclaessen.com\/en\/wp-json\/wp\/v2\/media?parent=35415"}],"curies":[{"name":"wp","href":"https:\/\/api.w.org\/{rel}","templated":true}]}}