{"id":35957,"date":"2024-02-12T15:02:20","date_gmt":"2024-02-12T14:02:20","guid":{"rendered":"https:\/\/rolfclaessen.com\/?page_id=35957"},"modified":"2025-01-19T08:28:03","modified_gmt":"2025-01-19T07:28:03","slug":"imprint","status":"publish","type":"page","link":"https:\/\/rolfclaessen.com\/en\/imprint\/","title":{"rendered":"Site Notice"},"content":{"rendered":"\n<p>Dr. Rolf Claessen<\/p>\n\n\n\n<p>c\/o Michalski \u00b7 H\u00fcttermann &amp; Partner mbB<br>Kaistra\u00dfe 16A<br>40221 D\u00fcsseldorf<\/p>\n\n\n\n<p>Register of Partnerships: 1874<br>Registration court: Amtsgericht Essen<\/p>\n\n\n\n<p><strong>Represented by:<\/strong><br>Dr. Rolf Claessen<\/p>\n\n\n\n<h2 class=\"wp-block-heading\">Contact<\/h2>\n\n\n\n<p>Phone: +49 211 159 249 0<br>Telefax: +49 211 159 249 20<br>E-mail: info@mhpatent.de<\/p>\n\n\n\n<h2 class=\"wp-block-heading\">VAT ID<\/h2>\n\n\n\n<p>Sales tax identification number according to Sect. 27 a of the Sales Tax Law:<br>DE 250 369 233<\/p>\n\n\n\n<h2 class=\"wp-block-heading\">Supervisory authority<\/h2>\n\n\n\n<p>Deutsches Patent- und Markenamt<br>Deutsches Patent- und Markenamt<br>80297 M\u00fcnchen<\/p>\n\n\n\n<p><a href=\"https:\/\/www.dpma.de\/dpma\/index.html\">https:\/\/www.dpma.de\/dpma\/index.html<\/a><\/p>\n\n\n\n<h2 class=\"wp-block-heading\">Job title and professional regulations<\/h2>\n\n\n\n<p>Job title:<br>Patentanw\u00e4lte<\/p>\n\n\n\n<p>Competent chamber:<br>Patentanwaltskammer,<br>Tal 29<br>80331 M\u00fcnchen<\/p>\n\n\n\n<p>Authorisation granted in:<br>Deutschland<\/p>\n\n\n\n<p>Es gelten folgende berufsrechtliche Regelungen:<\/p>\n\n\n\n<p>Patentanwaltsordnung<br>available at:&nbsp;<a href=\"https:\/\/web.archive.org\/web\/20240613031133\/http:\/\/bundesrecht.juris.de\/index.html\" target=\"_blank\" rel=\"noreferrer noopener\">http:\/\/bundesrecht.juris.de\/index.html<\/a><\/p>\n\n\n\n<p>Berufsordnung der Patentanw\u00e4lte<br>available at:&nbsp;<a href=\"https:\/\/web.archive.org\/web\/20240613031133\/http:\/\/patentanwalt.de\/\" target=\"_blank\" rel=\"noreferrer noopener\">http:\/\/patentanwalt.de<\/a><\/p>\n\n\n\n<p>FICPI Standesregeln<br>available at:&nbsp;<a href=\"https:\/\/web.archive.org\/web\/20240613031133\/http:\/\/www.ficpi.org\/\" target=\"_blank\" rel=\"noreferrer noopener\">http:\/\/www.ficpi.org<\/a><\/p>\n\n\n\n<h2 class=\"wp-block-heading\">Information regarding professional liability insurance<\/h2>\n\n\n\n<p><strong>Name and registered office of the insurer:<\/strong><br>ERGO Versicherung Aktiengesellschaft<br>Victoriaplatz 1<br>40198 D\u00fcsseldorf<\/p>\n\n\n\n<h2 class=\"wp-block-heading\">Person responsible for editorial<\/h2>\n\n\n\n<p>Dr. Rolf Claessen<br>c\/o Michalski \u00b7 H\u00fcttermann &amp; Partner Patentanw\u00e4lte mbB<br>Kaistra\u00dfe 16A<br>D-40221 D\u00fcsseldorf<\/p>\n\n\n\n<h2 class=\"wp-block-heading\">EU dispute resolution<\/h2>\n\n\n\n<p>The European Commission provides a platform for online dispute resolution (ODR):&nbsp;<a href=\"https:\/\/web.archive.org\/web\/20240613031133\/https:\/\/ec.europa.eu\/consumers\/odr\/\" target=\"_blank\" rel=\"noreferrer noopener\">https:\/\/ec.europa.eu\/consumers\/odr\/<\/a>.<br>Our e-mail address can be found above in the site notice.<\/p>\n\n\n\n<h2 class=\"wp-block-heading\">Dispute resolution proceedings in front of a consumer arbitration board<\/h2>\n\n\n\n<p>We participate in a dispute settlement procedure before a consumer arbitration board. The competent consumer arbitration board is Zentrum f\u00fcr Schlichtung e.V., Stra\u00dfburger Stra\u00dfe 8, 77694 Kehl am Rhein (<a href=\"https:\/\/web.archive.org\/web\/20240613031133\/https:\/\/www.verbraucher-schlichter.de\/\" rel=\"noreferrer noopener\" target=\"_blank\">https:\/\/www.verbraucher-schlichter.de<\/a>).in ().<\/p>\n","protected":false},"excerpt":{"rendered":"<p>Dr. Rolf Claessen c\/o Michalski \u00b7 H\u00fcttermann &amp; Partner mbBKaistra\u00dfe 16A40221 D\u00fcsseldorf Register of Partnerships: 1874Registration court: Amtsgericht Essen Represented by:Dr. Rolf Claessen Contact Phone: +49 211 159 249 0Telefax: +49 211 159 249 20E-mail: info@mhpatent.de VAT ID Sales tax identification number according to Sect. 27 a of the Sales Tax Law:DE 250 369 233 &hellip; <a href=\"https:\/\/rolfclaessen.com\/en\/imprint\/\">Read more<\/a><\/p>\n","protected":false},"author":7,"featured_media":0,"parent":0,"menu_order":0,"comment_status":"closed","ping_status":"closed","template":"","meta":{"_acf_changed":false,"content-type":"","footnotes":""},"class_list":["post-35957","page","type-page","status-publish","hentry"],"acf":[],"yoast_head":"<!-- This site is optimized with the Yoast SEO plugin v27.6 - https:\/\/yoast.com\/product\/yoast-seo-wordpress\/ -->\n<title>Site Notice - Dr. Rolf Claessen<\/title>\n<meta name=\"robots\" content=\"index, follow, max-snippet:-1, max-image-preview:large, max-video-preview:-1\" \/>\n<link rel=\"canonical\" href=\"https:\/\/rolfclaessen.com\/en\/imprint\/\" \/>\n<meta property=\"og:locale\" content=\"en_US\" \/>\n<meta property=\"og:type\" content=\"article\" \/>\n<meta property=\"og:title\" content=\"Site Notice - Dr. Rolf Claessen\" \/>\n<meta property=\"og:description\" content=\"Dr. Rolf Claessen c\/o Michalski \u00b7 H\u00fcttermann &amp; Partner mbBKaistra\u00dfe 16A40221 D\u00fcsseldorf Register of Partnerships: 1874Registration court: Amtsgericht Essen Represented by:Dr. Rolf Claessen Contact Phone: +49 211 159 249 0Telefax: +49 211 159 249 20E-mail: info@mhpatent.de VAT ID Sales tax identification number according to Sect. 27 a of the Sales Tax Law:DE 250 369 233 &hellip; Read more\" \/>\n<meta property=\"og:url\" content=\"https:\/\/rolfclaessen.com\/en\/imprint\/\" \/>\n<meta property=\"og:site_name\" content=\"Dr. Rolf Claessen\" \/>\n<meta property=\"article:publisher\" content=\"https:\/\/www.facebook.com\/rolfclaessen\" \/>\n<meta property=\"article:modified_time\" content=\"2025-01-19T07:28:03+00:00\" \/>\n<meta name=\"twitter:card\" content=\"summary_large_image\" \/>\n<meta name=\"twitter:site\" content=\"@rclaessen\" \/>\n<meta name=\"twitter:label1\" content=\"Est. reading time\" \/>\n\t<meta name=\"twitter:data1\" content=\"2 minutes\" \/>\n<script type=\"application\/ld+json\" class=\"yoast-schema-graph\">{\"@context\":\"https:\\\/\\\/schema.org\",\"@graph\":[{\"@type\":\"WebPage\",\"@id\":\"https:\\\/\\\/rolfclaessen.com\\\/en\\\/imprint\\\/\",\"url\":\"https:\\\/\\\/rolfclaessen.com\\\/en\\\/imprint\\\/\",\"name\":\"Site Notice - Dr. Rolf Claessen\",\"isPartOf\":{\"@id\":\"https:\\\/\\\/rolfclaessen.com\\\/en\\\/#website\"},\"datePublished\":\"2024-02-12T14:02:20+00:00\",\"dateModified\":\"2025-01-19T07:28:03+00:00\",\"breadcrumb\":{\"@id\":\"https:\\\/\\\/rolfclaessen.com\\\/en\\\/imprint\\\/#breadcrumb\"},\"inLanguage\":\"en-US\",\"potentialAction\":[{\"@type\":\"ReadAction\",\"target\":[\"https:\\\/\\\/rolfclaessen.com\\\/en\\\/imprint\\\/\"]}]},{\"@type\":\"BreadcrumbList\",\"@id\":\"https:\\\/\\\/rolfclaessen.com\\\/en\\\/imprint\\\/#breadcrumb\",\"itemListElement\":[{\"@type\":\"ListItem\",\"position\":1,\"name\":\"Startseite\",\"item\":\"https:\\\/\\\/rolfclaessen.com\\\/en\\\/\"},{\"@type\":\"ListItem\",\"position\":2,\"name\":\"Site Notice\"}]},{\"@type\":\"WebSite\",\"@id\":\"https:\\\/\\\/rolfclaessen.com\\\/en\\\/#website\",\"url\":\"https:\\\/\\\/rolfclaessen.com\\\/en\\\/\",\"name\":\"Dr. Rolf Claessen - Patentanwalt in D\u00fcsseldorf - Patente, Marken, Designs\",\"description\":\"Patentanwalt - Patente, Marken, Designs\",\"publisher\":{\"@id\":\"https:\\\/\\\/rolfclaessen.com\\\/en\\\/#\\\/schema\\\/person\\\/f46be72920cf6a069b7e954fced7ca73\"},\"potentialAction\":[{\"@type\":\"SearchAction\",\"target\":{\"@type\":\"EntryPoint\",\"urlTemplate\":\"https:\\\/\\\/rolfclaessen.com\\\/en\\\/?s={search_term_string}\"},\"query-input\":{\"@type\":\"PropertyValueSpecification\",\"valueRequired\":true,\"valueName\":\"search_term_string\"}}],\"inLanguage\":\"en-US\"},{\"@type\":[\"Person\",\"Organization\"],\"@id\":\"https:\\\/\\\/rolfclaessen.com\\\/en\\\/#\\\/schema\\\/person\\\/f46be72920cf6a069b7e954fced7ca73\",\"name\":\"rolf.claessen\",\"image\":{\"@type\":\"ImageObject\",\"inLanguage\":\"en-US\",\"@id\":\"https:\\\/\\\/rolfclaessen.com\\\/wp-content\\\/uploads\\\/2024\\\/07\\\/Vorschaubild-Linkedin-Open-Graph.webp\",\"url\":\"https:\\\/\\\/rolfclaessen.com\\\/wp-content\\\/uploads\\\/2024\\\/07\\\/Vorschaubild-Linkedin-Open-Graph.webp\",\"contentUrl\":\"https:\\\/\\\/rolfclaessen.com\\\/wp-content\\\/uploads\\\/2024\\\/07\\\/Vorschaubild-Linkedin-Open-Graph.webp\",\"width\":1200,\"height\":630,\"caption\":\"rolf.claessen\"},\"logo\":{\"@id\":\"https:\\\/\\\/rolfclaessen.com\\\/wp-content\\\/uploads\\\/2024\\\/07\\\/Vorschaubild-Linkedin-Open-Graph.webp\"},\"description\":\"Dr. Rolf Claessen ist Patentanwalt in D\u00fcsseldorf und ber\u00e4t Unternehmen zu allen Fragestellungen rund um Patente, Marken und Designs. Er ist Autor, Speaker und ist der \u00d6ffentlichkeit durch seine Mitwirkung an der Sat.1 Show \u201eWie genial ist das denn ?!\u201c, den Youtubekanal und seine Podcasts bekannt.\",\"sameAs\":[\"https:\\\/\\\/rolfclaessen.com\",\"https:\\\/\\\/www.facebook.com\\\/rolfclaessen\",\"https:\\\/\\\/www.instagram.com\\\/rolfclaessen\\\/\",\"https:\\\/\\\/www.linkedin.com\\\/in\\\/claessen\\\/\",\"https:\\\/\\\/x.com\\\/rclaessen\",\"https:\\\/\\\/www.youtube.com\\\/rolfclaessen\",\"https:\\\/\\\/de.wikipedia.org\\\/wiki\\\/Rolf_Claessen\"]}]}<\/script>\n<!-- \/ Yoast SEO plugin. -->","yoast_head_json":{"title":"Site Notice - Dr. Rolf Claessen","robots":{"index":"index","follow":"follow","max-snippet":"max-snippet:-1","max-image-preview":"max-image-preview:large","max-video-preview":"max-video-preview:-1"},"canonical":"https:\/\/rolfclaessen.com\/en\/imprint\/","og_locale":"en_US","og_type":"article","og_title":"Site Notice - Dr. Rolf Claessen","og_description":"Dr. Rolf Claessen c\/o Michalski \u00b7 H\u00fcttermann &amp; Partner mbBKaistra\u00dfe 16A40221 D\u00fcsseldorf Register of Partnerships: 1874Registration court: Amtsgericht Essen Represented by:Dr. Rolf Claessen Contact Phone: +49 211 159 249 0Telefax: +49 211 159 249 20E-mail: info@mhpatent.de VAT ID Sales tax identification number according to Sect. 27 a of the Sales Tax Law:DE 250 369 233 &hellip; Read more","og_url":"https:\/\/rolfclaessen.com\/en\/imprint\/","og_site_name":"Dr. Rolf Claessen","article_publisher":"https:\/\/www.facebook.com\/rolfclaessen","article_modified_time":"2025-01-19T07:28:03+00:00","twitter_card":"summary_large_image","twitter_site":"@rclaessen","twitter_misc":{"Est. reading time":"2 minutes"},"schema":{"@context":"https:\/\/schema.org","@graph":[{"@type":"WebPage","@id":"https:\/\/rolfclaessen.com\/en\/imprint\/","url":"https:\/\/rolfclaessen.com\/en\/imprint\/","name":"Site Notice - Dr. Rolf Claessen","isPartOf":{"@id":"https:\/\/rolfclaessen.com\/en\/#website"},"datePublished":"2024-02-12T14:02:20+00:00","dateModified":"2025-01-19T07:28:03+00:00","breadcrumb":{"@id":"https:\/\/rolfclaessen.com\/en\/imprint\/#breadcrumb"},"inLanguage":"en-US","potentialAction":[{"@type":"ReadAction","target":["https:\/\/rolfclaessen.com\/en\/imprint\/"]}]},{"@type":"BreadcrumbList","@id":"https:\/\/rolfclaessen.com\/en\/imprint\/#breadcrumb","itemListElement":[{"@type":"ListItem","position":1,"name":"Startseite","item":"https:\/\/rolfclaessen.com\/en\/"},{"@type":"ListItem","position":2,"name":"Site Notice"}]},{"@type":"WebSite","@id":"https:\/\/rolfclaessen.com\/en\/#website","url":"https:\/\/rolfclaessen.com\/en\/","name":"Dr. Rolf Claessen - Patentanwalt in D\u00fcsseldorf - Patente, Marken, Designs","description":"Patentanwalt - Patente, Marken, Designs","publisher":{"@id":"https:\/\/rolfclaessen.com\/en\/#\/schema\/person\/f46be72920cf6a069b7e954fced7ca73"},"potentialAction":[{"@type":"SearchAction","target":{"@type":"EntryPoint","urlTemplate":"https:\/\/rolfclaessen.com\/en\/?s={search_term_string}"},"query-input":{"@type":"PropertyValueSpecification","valueRequired":true,"valueName":"search_term_string"}}],"inLanguage":"en-US"},{"@type":["Person","Organization"],"@id":"https:\/\/rolfclaessen.com\/en\/#\/schema\/person\/f46be72920cf6a069b7e954fced7ca73","name":"rolf.claessen","image":{"@type":"ImageObject","inLanguage":"en-US","@id":"https:\/\/rolfclaessen.com\/wp-content\/uploads\/2024\/07\/Vorschaubild-Linkedin-Open-Graph.webp","url":"https:\/\/rolfclaessen.com\/wp-content\/uploads\/2024\/07\/Vorschaubild-Linkedin-Open-Graph.webp","contentUrl":"https:\/\/rolfclaessen.com\/wp-content\/uploads\/2024\/07\/Vorschaubild-Linkedin-Open-Graph.webp","width":1200,"height":630,"caption":"rolf.claessen"},"logo":{"@id":"https:\/\/rolfclaessen.com\/wp-content\/uploads\/2024\/07\/Vorschaubild-Linkedin-Open-Graph.webp"},"description":"Dr. Rolf Claessen ist Patentanwalt in D\u00fcsseldorf und ber\u00e4t Unternehmen zu allen Fragestellungen rund um Patente, Marken und Designs. Er ist Autor, Speaker und ist der \u00d6ffentlichkeit durch seine Mitwirkung an der Sat.1 Show \u201eWie genial ist das denn ?!\u201c, den Youtubekanal und seine Podcasts bekannt.","sameAs":["https:\/\/rolfclaessen.com","https:\/\/www.facebook.com\/rolfclaessen","https:\/\/www.instagram.com\/rolfclaessen\/","https:\/\/www.linkedin.com\/in\/claessen\/","https:\/\/x.com\/rclaessen","https:\/\/www.youtube.com\/rolfclaessen","https:\/\/de.wikipedia.org\/wiki\/Rolf_Claessen"]}]}},"_links":{"self":[{"href":"https:\/\/rolfclaessen.com\/en\/wp-json\/wp\/v2\/pages\/35957","targetHints":{"allow":["GET"]}}],"collection":[{"href":"https:\/\/rolfclaessen.com\/en\/wp-json\/wp\/v2\/pages"}],"about":[{"href":"https:\/\/rolfclaessen.com\/en\/wp-json\/wp\/v2\/types\/page"}],"author":[{"embeddable":true,"href":"https:\/\/rolfclaessen.com\/en\/wp-json\/wp\/v2\/users\/7"}],"replies":[{"embeddable":true,"href":"https:\/\/rolfclaessen.com\/en\/wp-json\/wp\/v2\/comments?post=35957"}],"version-history":[{"count":6,"href":"https:\/\/rolfclaessen.com\/en\/wp-json\/wp\/v2\/pages\/35957\/revisions"}],"predecessor-version":[{"id":59467,"href":"https:\/\/rolfclaessen.com\/en\/wp-json\/wp\/v2\/pages\/35957\/revisions\/59467"}],"wp:attachment":[{"href":"https:\/\/rolfclaessen.com\/en\/wp-json\/wp\/v2\/media?parent=35957"}],"curies":[{"name":"wp","href":"https:\/\/api.w.org\/{rel}","templated":true}]}}